{"id":7725,"date":"2024-05-14T02:30:07","date_gmt":"2024-05-14T00:30:07","guid":{"rendered":"https:\/\/www.saga-tahiti.com\/?page_id=7725"},"modified":"2024-05-17T08:48:31","modified_gmt":"2024-05-17T06:48:31","slug":"mentions-legales","status":"publish","type":"page","link":"https:\/\/www.dtp.dev.saga-tahiti.com\/index.php\/mentions-legales\/","title":{"rendered":"Mentions l\u00e9gales"},"content":{"rendered":"\t\t<div data-elementor-type=\"wp-page\" data-elementor-id=\"7725\" class=\"elementor elementor-7725\">\n\t\t\t\t<div class=\"elementor-element elementor-element-243b29b e-flex e-con-boxed e-con e-parent\" data-id=\"243b29b\" data-element_type=\"container\">\n\t\t\t\t\t<div class=\"e-con-inner\">\n\t\t\t\t<div class=\"elementor-element elementor-element-69d8d06 elementor-widget elementor-widget-text-editor\" data-id=\"69d8d06\" data-element_type=\"widget\" data-widget_type=\"text-editor.default\">\n\t\t\t\t<div class=\"elementor-widget-container\">\n\t\t\t\t\t\t\t\t\t<p><\/p>\n<p><i>Conform\u00e9ment aux dispositions de la loi n\u00b0 2004-575 du 21 juin 2004 pour la confiance en l&rsquo;\u00e9conomie num\u00e9rique, il est pr\u00e9cis\u00e9 aux utilisateurs du site SAGA TAHITI l&rsquo;identit\u00e9 des diff\u00e9rents intervenants dans le cadre de sa r\u00e9alisation et de son suivi.<\/i><\/p>\n<h3 class=\"title-section-step text-black text-start wp-block-heading\">\u00c9DITION DU SITE<\/h3>\n<p><\/p>\n<p>Le pr\u00e9sent site, accessible \u00e0 l\u2019URL&nbsp;<a class=\"text-bbf\" href=\"https:\/\/www.coachbbfit.com\/\">www.saga-tahiti.com<\/a>&nbsp;(le \u00ab Site \u00bb), est \u00e9dit\u00e9 par :<\/p>\n<p data-pm-slice=\"1 1 []\"><strong>Eva HELLEMONT ; Maeva PRADIER pour l&rsquo;\u00e9cole de voile d&rsquo;Arue sous la loi association 1901 avec comme N\u00b0TAHITI 154237<\/strong><\/p>\n<p data-pm-slice=\"1 1 []\"><a href=\"mailto:evatahiti@mail.pf\"><strong>evatahiti@mail.pf<\/strong><\/a> <strong>; BP 14235 ARUE<\/strong><\/p>\n<p><\/p>\n<h3 class=\"title-section-step text-black text-start wp-block-heading\">H\u00c9BERGEMENT<\/h3>\n<p><\/p>\n<p>Le Site est h\u00e9berg\u00e9 par la soci\u00e9t\u00e9 ovhcloud, (contact tel : 1007).<\/p>\n<p><\/p>\n<h3 class=\"title-section-step text-black text-start wp-block-heading\">DIRECTEUR DE PUBLICATION<\/h3>\n<p data-pm-slice=\"1 1 []\"><strong>Eva HELLEMONT ; Maeva PRADIER<\/strong><\/p>\n<h3 class=\"title-section-step text-black text-start\">CONCEPTION ET MAINTENANCE<\/h3>\n<p>Agence: Press Skill App et D.E.V TAHITIPROD&nbsp;<br>Adresse : Plateau de taravao<br>T\u00e9l\u00e9phone : +689 87 30 83 30<\/p>\n<h3 class=\"title-section-step text-black text-start\">NOUS CONTACTER<\/h3>\n<p>Par email :&nbsp;<a href=\"mailto:evatahiti@mail.pf\"><strong>evatahiti@mail.pf<\/strong><\/a><\/p>\n<p>Par courrier : <strong>BP 14235 ARUE<\/strong><\/p>\n<p><\/p>\n<p><\/p>\n<p><\/p>\t\t\t\t\t\t\t\t<\/div>\n\t\t\t\t<\/div>\n\t\t\t\t\t<\/div>\n\t\t\t\t<\/div>\n\t\t\t\t<\/div>\n\t\t","protected":false},"excerpt":{"rendered":"<p>Conform\u00e9ment aux dispositions de la loi n\u00b0 2004-575 du 21 juin 2004 pour la confiance en l&rsquo;\u00e9conomie num\u00e9rique, il est pr\u00e9cis\u00e9 aux utilisateurs du site SAGA TAHITI l&rsquo;identit\u00e9 des diff\u00e9rents intervenants dans le cadre de sa r\u00e9alisation et de son suivi. \u00c9DITION DU SITE Le pr\u00e9sent site, accessible \u00e0 l\u2019URL&nbsp;www.saga-tahiti.com&nbsp;(le \u00ab Site \u00bb), est \u00e9dit\u00e9 [&hellip;]<\/p>\n","protected":false},"author":1,"featured_media":0,"parent":0,"menu_order":0,"comment_status":"closed","ping_status":"closed","template":"elementor_header_footer","meta":{"give_campaign_id":0,"footnotes":""},"class_list":["post-7725","page","type-page","status-publish","hentry"],"yoast_head":"<!-- This site is optimized with the Yoast SEO plugin v26.8 - https:\/\/yoast.com\/product\/yoast-seo-wordpress\/ -->\n<title>Mentions l\u00e9gales - Saga Tahiti<\/title>\n<meta name=\"robots\" content=\"index, follow, max-snippet:-1, max-image-preview:large, max-video-preview:-1\" \/>\n<link rel=\"canonical\" href=\"https:\/\/www.dtp.dev.saga-tahiti.com\/index.php\/mentions-legales\/\" \/>\n<meta property=\"og:locale\" content=\"fr_FR\" \/>\n<meta property=\"og:type\" content=\"article\" \/>\n<meta property=\"og:title\" content=\"Mentions l\u00e9gales - Saga Tahiti\" \/>\n<meta property=\"og:description\" content=\"Conform\u00e9ment aux dispositions de la loi n\u00b0 2004-575 du 21 juin 2004 pour la confiance en l&rsquo;\u00e9conomie num\u00e9rique, il est pr\u00e9cis\u00e9 aux utilisateurs du site SAGA TAHITI l&rsquo;identit\u00e9 des diff\u00e9rents intervenants dans le cadre de sa r\u00e9alisation et de son suivi. \u00c9DITION DU SITE Le pr\u00e9sent site, accessible \u00e0 l\u2019URL&nbsp;www.saga-tahiti.com&nbsp;(le \u00ab Site \u00bb), est \u00e9dit\u00e9 [&hellip;]\" \/>\n<meta property=\"og:url\" content=\"https:\/\/www.dtp.dev.saga-tahiti.com\/index.php\/mentions-legales\/\" \/>\n<meta property=\"og:site_name\" content=\"Saga Tahiti\" \/>\n<meta property=\"article:modified_time\" content=\"2024-05-17T06:48:31+00:00\" \/>\n<meta name=\"twitter:card\" content=\"summary_large_image\" \/>\n<meta name=\"twitter:label1\" content=\"Dur\u00e9e de lecture estim\u00e9e\" \/>\n\t<meta name=\"twitter:data1\" content=\"1 minute\" \/>\n<script type=\"application\/ld+json\" class=\"yoast-schema-graph\">{\"@context\":\"https:\/\/schema.org\",\"@graph\":[{\"@type\":\"WebPage\",\"@id\":\"https:\/\/www.dtp.dev.saga-tahiti.com\/index.php\/mentions-legales\/\",\"url\":\"https:\/\/www.dtp.dev.saga-tahiti.com\/index.php\/mentions-legales\/\",\"name\":\"Mentions l\u00e9gales - Saga Tahiti\",\"isPartOf\":{\"@id\":\"https:\/\/www.dtp.dev.saga-tahiti.com\/#website\"},\"datePublished\":\"2024-05-14T00:30:07+00:00\",\"dateModified\":\"2024-05-17T06:48:31+00:00\",\"breadcrumb\":{\"@id\":\"https:\/\/www.dtp.dev.saga-tahiti.com\/index.php\/mentions-legales\/#breadcrumb\"},\"inLanguage\":\"fr-FR\",\"potentialAction\":[{\"@type\":\"ReadAction\",\"target\":[\"https:\/\/www.dtp.dev.saga-tahiti.com\/index.php\/mentions-legales\/\"]}]},{\"@type\":\"BreadcrumbList\",\"@id\":\"https:\/\/www.dtp.dev.saga-tahiti.com\/index.php\/mentions-legales\/#breadcrumb\",\"itemListElement\":[{\"@type\":\"ListItem\",\"position\":1,\"name\":\"Accueil\",\"item\":\"https:\/\/www.dtp.dev.saga-tahiti.com\/\"},{\"@type\":\"ListItem\",\"position\":2,\"name\":\"Mentions l\u00e9gales\"}]},{\"@type\":\"WebSite\",\"@id\":\"https:\/\/www.dtp.dev.saga-tahiti.com\/#website\",\"url\":\"https:\/\/www.dtp.dev.saga-tahiti.com\/\",\"name\":\"Saga Tahiti\",\"description\":\"Aidez-nous \u00e0 poursuivre cette cause\",\"publisher\":{\"@id\":\"https:\/\/www.dtp.dev.saga-tahiti.com\/#organization\"},\"potentialAction\":[{\"@type\":\"SearchAction\",\"target\":{\"@type\":\"EntryPoint\",\"urlTemplate\":\"https:\/\/www.dtp.dev.saga-tahiti.com\/?s={search_term_string}\"},\"query-input\":{\"@type\":\"PropertyValueSpecification\",\"valueRequired\":true,\"valueName\":\"search_term_string\"}}],\"inLanguage\":\"fr-FR\"},{\"@type\":\"Organization\",\"@id\":\"https:\/\/www.dtp.dev.saga-tahiti.com\/#organization\",\"name\":\"Saga Tahiti\",\"url\":\"https:\/\/www.dtp.dev.saga-tahiti.com\/\",\"logo\":{\"@type\":\"ImageObject\",\"inLanguage\":\"fr-FR\",\"@id\":\"https:\/\/www.dtp.dev.saga-tahiti.com\/#\/schema\/logo\/image\/\",\"url\":\"https:\/\/www.dtp.dev.saga-tahiti.com\/wp-content\/uploads\/2024\/10\/cropped-cropped-logo250x250-1-1.png\",\"contentUrl\":\"https:\/\/www.dtp.dev.saga-tahiti.com\/wp-content\/uploads\/2024\/10\/cropped-cropped-logo250x250-1-1.png\",\"width\":250,\"height\":250,\"caption\":\"Saga Tahiti\"},\"image\":{\"@id\":\"https:\/\/www.dtp.dev.saga-tahiti.com\/#\/schema\/logo\/image\/\"}}]}<\/script>\n<!-- \/ Yoast SEO plugin. -->","yoast_head_json":{"title":"Mentions l\u00e9gales - Saga Tahiti","robots":{"index":"index","follow":"follow","max-snippet":"max-snippet:-1","max-image-preview":"max-image-preview:large","max-video-preview":"max-video-preview:-1"},"canonical":"https:\/\/www.dtp.dev.saga-tahiti.com\/index.php\/mentions-legales\/","og_locale":"fr_FR","og_type":"article","og_title":"Mentions l\u00e9gales - Saga Tahiti","og_description":"Conform\u00e9ment aux dispositions de la loi n\u00b0 2004-575 du 21 juin 2004 pour la confiance en l&rsquo;\u00e9conomie num\u00e9rique, il est pr\u00e9cis\u00e9 aux utilisateurs du site SAGA TAHITI l&rsquo;identit\u00e9 des diff\u00e9rents intervenants dans le cadre de sa r\u00e9alisation et de son suivi. \u00c9DITION DU SITE Le pr\u00e9sent site, accessible \u00e0 l\u2019URL&nbsp;www.saga-tahiti.com&nbsp;(le \u00ab Site \u00bb), est \u00e9dit\u00e9 [&hellip;]","og_url":"https:\/\/www.dtp.dev.saga-tahiti.com\/index.php\/mentions-legales\/","og_site_name":"Saga Tahiti","article_modified_time":"2024-05-17T06:48:31+00:00","twitter_card":"summary_large_image","twitter_misc":{"Dur\u00e9e de lecture estim\u00e9e":"1 minute"},"schema":{"@context":"https:\/\/schema.org","@graph":[{"@type":"WebPage","@id":"https:\/\/www.dtp.dev.saga-tahiti.com\/index.php\/mentions-legales\/","url":"https:\/\/www.dtp.dev.saga-tahiti.com\/index.php\/mentions-legales\/","name":"Mentions l\u00e9gales - Saga Tahiti","isPartOf":{"@id":"https:\/\/www.dtp.dev.saga-tahiti.com\/#website"},"datePublished":"2024-05-14T00:30:07+00:00","dateModified":"2024-05-17T06:48:31+00:00","breadcrumb":{"@id":"https:\/\/www.dtp.dev.saga-tahiti.com\/index.php\/mentions-legales\/#breadcrumb"},"inLanguage":"fr-FR","potentialAction":[{"@type":"ReadAction","target":["https:\/\/www.dtp.dev.saga-tahiti.com\/index.php\/mentions-legales\/"]}]},{"@type":"BreadcrumbList","@id":"https:\/\/www.dtp.dev.saga-tahiti.com\/index.php\/mentions-legales\/#breadcrumb","itemListElement":[{"@type":"ListItem","position":1,"name":"Accueil","item":"https:\/\/www.dtp.dev.saga-tahiti.com\/"},{"@type":"ListItem","position":2,"name":"Mentions l\u00e9gales"}]},{"@type":"WebSite","@id":"https:\/\/www.dtp.dev.saga-tahiti.com\/#website","url":"https:\/\/www.dtp.dev.saga-tahiti.com\/","name":"Saga Tahiti","description":"Aidez-nous \u00e0 poursuivre cette cause","publisher":{"@id":"https:\/\/www.dtp.dev.saga-tahiti.com\/#organization"},"potentialAction":[{"@type":"SearchAction","target":{"@type":"EntryPoint","urlTemplate":"https:\/\/www.dtp.dev.saga-tahiti.com\/?s={search_term_string}"},"query-input":{"@type":"PropertyValueSpecification","valueRequired":true,"valueName":"search_term_string"}}],"inLanguage":"fr-FR"},{"@type":"Organization","@id":"https:\/\/www.dtp.dev.saga-tahiti.com\/#organization","name":"Saga Tahiti","url":"https:\/\/www.dtp.dev.saga-tahiti.com\/","logo":{"@type":"ImageObject","inLanguage":"fr-FR","@id":"https:\/\/www.dtp.dev.saga-tahiti.com\/#\/schema\/logo\/image\/","url":"https:\/\/www.dtp.dev.saga-tahiti.com\/wp-content\/uploads\/2024\/10\/cropped-cropped-logo250x250-1-1.png","contentUrl":"https:\/\/www.dtp.dev.saga-tahiti.com\/wp-content\/uploads\/2024\/10\/cropped-cropped-logo250x250-1-1.png","width":250,"height":250,"caption":"Saga Tahiti"},"image":{"@id":"https:\/\/www.dtp.dev.saga-tahiti.com\/#\/schema\/logo\/image\/"}}]}},"campaignId":"","_links":{"self":[{"href":"https:\/\/www.dtp.dev.saga-tahiti.com\/index.php\/wp-json\/wp\/v2\/pages\/7725","targetHints":{"allow":["GET"]}}],"collection":[{"href":"https:\/\/www.dtp.dev.saga-tahiti.com\/index.php\/wp-json\/wp\/v2\/pages"}],"about":[{"href":"https:\/\/www.dtp.dev.saga-tahiti.com\/index.php\/wp-json\/wp\/v2\/types\/page"}],"author":[{"embeddable":true,"href":"https:\/\/www.dtp.dev.saga-tahiti.com\/index.php\/wp-json\/wp\/v2\/users\/1"}],"replies":[{"embeddable":true,"href":"https:\/\/www.dtp.dev.saga-tahiti.com\/index.php\/wp-json\/wp\/v2\/comments?post=7725"}],"version-history":[{"count":7,"href":"https:\/\/www.dtp.dev.saga-tahiti.com\/index.php\/wp-json\/wp\/v2\/pages\/7725\/revisions"}],"predecessor-version":[{"id":8403,"href":"https:\/\/www.dtp.dev.saga-tahiti.com\/index.php\/wp-json\/wp\/v2\/pages\/7725\/revisions\/8403"}],"wp:attachment":[{"href":"https:\/\/www.dtp.dev.saga-tahiti.com\/index.php\/wp-json\/wp\/v2\/media?parent=7725"}],"curies":[{"name":"wp","href":"https:\/\/api.w.org\/{rel}","templated":true}]}}