{"id":7256,"date":"2024-05-08T10:49:24","date_gmt":"2024-05-08T08:49:24","guid":{"rendered":"https:\/\/www.saga-tahiti.com\/?page_id=7256"},"modified":"2024-10-09T13:26:19","modified_gmt":"2024-10-09T11:26:19","slug":"galerie-videos-1993-a-2003","status":"publish","type":"page","link":"https:\/\/www.dtp.dev.saga-tahiti.com\/index.php\/galerie-videos-1993-a-2003\/","title":{"rendered":"Galerie vid\u00e9os &#8211; 1993 \u00e0 2003"},"content":{"rendered":"\t\t<div data-elementor-type=\"wp-page\" data-elementor-id=\"7256\" class=\"elementor elementor-7256\">\n\t\t\t\t<div class=\"elementor-element elementor-element-ba330c5 e-flex e-con-boxed e-con e-parent\" data-id=\"ba330c5\" data-element_type=\"container\">\n\t\t\t\t\t<div class=\"e-con-inner\">\n\t\t\t\t<div class=\"elementor-element elementor-element-d6bba9a elementor-widget elementor-widget-spacer\" data-id=\"d6bba9a\" data-element_type=\"widget\" data-widget_type=\"spacer.default\">\n\t\t\t\t<div class=\"elementor-widget-container\">\n\t\t\t\t\t\t\t<div class=\"elementor-spacer\">\n\t\t\t<div class=\"elementor-spacer-inner\"><\/div>\n\t\t<\/div>\n\t\t\t\t\t\t<\/div>\n\t\t\t\t<\/div>\n\t\t\t\t\t<\/div>\n\t\t\t\t<\/div>\n\t\t<div class=\"elementor-element elementor-element-b74b968 e-con-full e-flex e-con e-parent\" data-id=\"b74b968\" data-element_type=\"container\">\n\t\t\t\t<div class=\"elementor-element elementor-element-f9736ed elementor-widget elementor-widget-html\" data-id=\"f9736ed\" data-element_type=\"widget\" data-widget_type=\"html.default\">\n\t\t\t\t<div class=\"elementor-widget-container\">\n\t\t\t\t\t<div class=\"sec-title events-one\">\n    <div class=\"sec-title\">\n        <h5 class=\"sec-title__title\">Notre galerie <span class=\"sec-title__title__inner\">vid\u00e9o<\/span><\/h5>                        \n    <\/div><!-- \/.sec-title -->\n<\/div>\n\t\t\t\t<\/div>\n\t\t\t\t<\/div>\n\t\t\t\t<\/div>\n\t\t<div class=\"elementor-element elementor-element-5a4533b e-flex e-con-boxed e-con e-parent\" data-id=\"5a4533b\" data-element_type=\"container\">\n\t\t\t\t\t<div class=\"e-con-inner\">\n\t\t\t\t<div class=\"elementor-element elementor-element-4b88e4d elementor-widget elementor-widget-html\" data-id=\"4b88e4d\" data-element_type=\"widget\" data-widget_type=\"html.default\">\n\t\t\t\t<div class=\"elementor-widget-container\">\n\t\t\t\t\t<div style=\"font-size:\" class=\"about-one__text sec-title__tagline sec-title__tagline--center @@extraClassName\"> Une belle galerie vid\u00e9o afin de rassembler tous les souvenirs, les sourires et la magie des moments de la Saga.<\/div>\t\t\t\t<\/div>\n\t\t\t\t<\/div>\n\t\t\t\t\t<\/div>\n\t\t\t\t<\/div>\n\t\t<div class=\"elementor-element elementor-element-1ee3546 e-flex e-con-boxed e-con e-parent\" data-id=\"1ee3546\" data-element_type=\"container\">\n\t\t\t\t\t<div class=\"e-con-inner\">\n\t\t\t\t<div class=\"elementor-element elementor-element-746f221 elementor-widget elementor-widget-spacer\" data-id=\"746f221\" data-element_type=\"widget\" data-widget_type=\"spacer.default\">\n\t\t\t\t<div class=\"elementor-widget-container\">\n\t\t\t\t\t\t\t<div class=\"elementor-spacer\">\n\t\t\t<div class=\"elementor-spacer-inner\"><\/div>\n\t\t<\/div>\n\t\t\t\t\t\t<\/div>\n\t\t\t\t<\/div>\n\t\t\t\t\t<\/div>\n\t\t\t\t<\/div>\n\t\t<div class=\"elementor-element elementor-element-6b9a10d e-flex e-con-boxed e-con e-parent\" data-id=\"6b9a10d\" data-element_type=\"container\">\n\t\t\t\t\t<div class=\"e-con-inner\">\n\t\t\t\t<div class=\"elementor-element elementor-element-9192951 elementor-widget elementor-widget-html\" data-id=\"9192951\" data-element_type=\"widget\" data-widget_type=\"html.default\">\n\t\t\t\t<div class=\"elementor-widget-container\">\n\t\t\t\t\t<div style=\"font-size:\" class=\"about-one__text sec-title__tagline sec-title__tagline--center @@extraClassName\"> 2002 - SAGA HINE <\/div>\t\t\t\t<\/div>\n\t\t\t\t<\/div>\n\t\t\t\t\t<\/div>\n\t\t\t\t<\/div>\n\t\t<div class=\"elementor-element elementor-element-1e137dc e-flex e-con-boxed e-con e-parent\" data-id=\"1e137dc\" data-element_type=\"container\">\n\t\t\t\t\t<div class=\"e-con-inner\">\n\t\t\t\t<div class=\"elementor-element elementor-element-1cea26f elementor-widget elementor-widget-html\" data-id=\"1cea26f\" data-element_type=\"widget\" data-widget_type=\"html.default\">\n\t\t\t\t<div class=\"elementor-widget-container\">\n\t\t\t\t\t<div class=\"lyte-wrapper fourthree\" title=\"2002 - SAGA HINE\" style=\"width:960px;max-width:100%;margin:5px auto;\"><div class=\"lyMe\" id=\"WYL_qYoj5aqPpUE\" itemprop=\"video\" itemscope itemtype=\"https:\/\/schema.org\/VideoObject\"><div><meta itemprop=\"thumbnailUrl\" content=\"https:\/\/i.ytimg.com\/vi\/qYoj5aqPpUE\/hqdefault.jpg\" \/><meta itemprop=\"embedURL\" content=\"https:\/\/www.youtube.com\/embed\/qYoj5aqPpUE\" \/><meta itemprop=\"duration\" content=\"PT52M28S\" \/><meta itemprop=\"uploadDate\" content=\"2024-05-07T06:38:58Z\" \/><\/div><div id=\"lyte_qYoj5aqPpUE\" data-src=\"https:\/\/i.ytimg.com\/vi\/qYoj5aqPpUE\/hqdefault.jpg\" class=\"pL\"><div class=\"tC\"><div class=\"tT\" itemprop=\"name\">2002 - SAGA HINE<\/div><\/div><div class=\"play\"><\/div><div class=\"ctrl\"><div class=\"Lctrl\"><\/div><div class=\"Rctrl\"><\/div><\/div><\/div><noscript><a href=\"https:\/\/youtu.be\/qYoj5aqPpUE\" rel=\"nofollow\"><img fetchpriority=\"high\" decoding=\"async\" src=\"https:\/\/i.ytimg.com\/vi\/qYoj5aqPpUE\/0.jpg\" alt=\"2002 - SAGA HINE\" width=\"960\" height=\"700\" \/><br \/>Lire cette vid\u00e9o sur YouTube<\/a><\/noscript><meta itemprop=\"description\" content=\"Saga Hine 1 \u00e0 Huahine 2002 Best of sigl\u00e9\"><\/div><\/div><div class=\"lL\" style=\"max-width:100%;width:960px;margin:5px auto;\"><\/div>\t\t\t\t<\/div>\n\t\t\t\t<\/div>\n\t\t\t\t\t<\/div>\n\t\t\t\t<\/div>\n\t\t<div class=\"elementor-element elementor-element-6d7162c e-flex e-con-boxed e-con e-parent\" data-id=\"6d7162c\" data-element_type=\"container\">\n\t\t\t\t\t<div class=\"e-con-inner\">\n\t\t\t\t<div class=\"elementor-element elementor-element-2dddb28 elementor-widget elementor-widget-spacer\" data-id=\"2dddb28\" data-element_type=\"widget\" data-widget_type=\"spacer.default\">\n\t\t\t\t<div class=\"elementor-widget-container\">\n\t\t\t\t\t\t\t<div class=\"elementor-spacer\">\n\t\t\t<div class=\"elementor-spacer-inner\"><\/div>\n\t\t<\/div>\n\t\t\t\t\t\t<\/div>\n\t\t\t\t<\/div>\n\t\t\t\t\t<\/div>\n\t\t\t\t<\/div>\n\t\t<div class=\"elementor-element elementor-element-a7d3f15 e-flex e-con-boxed e-con e-parent\" data-id=\"a7d3f15\" data-element_type=\"container\">\n\t\t\t\t\t<div class=\"e-con-inner\">\n\t\t\t\t<div class=\"elementor-element elementor-element-ab44e80 elementor-widget elementor-widget-html\" data-id=\"ab44e80\" data-element_type=\"widget\" data-widget_type=\"html.default\">\n\t\t\t\t<div class=\"elementor-widget-container\">\n\t\t\t\t\t<div style=\"font-size:\" class=\"about-one__text sec-title__tagline sec-title__tagline--center @@extraClassName\"> 2003 - SAGA KAINA <\/div>\t\t\t\t<\/div>\n\t\t\t\t<\/div>\n\t\t\t\t\t<\/div>\n\t\t\t\t<\/div>\n\t\t<div class=\"elementor-element elementor-element-655deee e-flex e-con-boxed e-con e-parent\" data-id=\"655deee\" data-element_type=\"container\">\n\t\t\t\t\t<div class=\"e-con-inner\">\n\t\t\t\t<div class=\"elementor-element elementor-element-46f3c96 elementor-widget elementor-widget-html\" data-id=\"46f3c96\" data-element_type=\"widget\" data-widget_type=\"html.default\">\n\t\t\t\t<div class=\"elementor-widget-container\">\n\t\t\t\t\t<div class=\"lyte-wrapper fourthree\" title=\"2003 - SAGA KAINA\" style=\"width:960px;max-width:100%;margin:5px auto;\"><div class=\"lyMe\" id=\"WYL_7_iyJP0RW_w\" itemprop=\"video\" itemscope itemtype=\"https:\/\/schema.org\/VideoObject\"><div><meta itemprop=\"thumbnailUrl\" content=\"https:\/\/i.ytimg.com\/vi\/7_iyJP0RW_w\/hqdefault.jpg\" \/><meta itemprop=\"embedURL\" content=\"https:\/\/www.youtube.com\/embed\/7_iyJP0RW_w\" \/><meta itemprop=\"duration\" content=\"PT51M24S\" \/><meta itemprop=\"uploadDate\" content=\"2024-05-07T06:47:37Z\" \/><\/div><div id=\"lyte_7_iyJP0RW_w\" data-src=\"https:\/\/i.ytimg.com\/vi\/7_iyJP0RW_w\/hqdefault.jpg\" class=\"pL\"><div class=\"tC\"><div class=\"tT\" itemprop=\"name\">2003 - SAGA KAINA<\/div><\/div><div class=\"play\"><\/div><div class=\"ctrl\"><div class=\"Lctrl\"><\/div><div class=\"Rctrl\"><\/div><\/div><\/div><noscript><a href=\"https:\/\/youtu.be\/7_iyJP0RW_w\" rel=\"nofollow\"><img decoding=\"async\" src=\"https:\/\/i.ytimg.com\/vi\/7_iyJP0RW_w\/0.jpg\" alt=\"2003 - SAGA KAINA\" width=\"960\" height=\"700\" \/><br \/>Lire cette vid\u00e9o sur YouTube<\/a><\/noscript><meta itemprop=\"description\" content=\"Saga Kaina 1 \u00e0 Makemo 2003 Best of sigl\u00e9\"><\/div><\/div><div class=\"lL\" style=\"max-width:100%;width:960px;margin:5px auto;\"><\/div>\t\t\t\t<\/div>\n\t\t\t\t<\/div>\n\t\t\t\t\t<\/div>\n\t\t\t\t<\/div>\n\t\t<div class=\"elementor-element elementor-element-a59af35 e-flex e-con-boxed e-con e-parent\" data-id=\"a59af35\" data-element_type=\"container\">\n\t\t\t\t\t<div class=\"e-con-inner\">\n\t\t\t\t<div class=\"elementor-element elementor-element-2659f47 elementor-widget elementor-widget-spacer\" data-id=\"2659f47\" data-element_type=\"widget\" data-widget_type=\"spacer.default\">\n\t\t\t\t<div class=\"elementor-widget-container\">\n\t\t\t\t\t\t\t<div class=\"elementor-spacer\">\n\t\t\t<div class=\"elementor-spacer-inner\"><\/div>\n\t\t<\/div>\n\t\t\t\t\t\t<\/div>\n\t\t\t\t<\/div>\n\t\t\t\t\t<\/div>\n\t\t\t\t<\/div>\n\t\t<div class=\"elementor-element elementor-element-391474b e-flex e-con-boxed e-con e-parent\" data-id=\"391474b\" data-element_type=\"container\">\n\t\t\t\t\t<div class=\"e-con-inner\">\n\t\t\t\t<div class=\"elementor-element elementor-element-b271cac elementor-widget elementor-widget-html\" data-id=\"b271cac\" data-element_type=\"widget\" data-widget_type=\"html.default\">\n\t\t\t\t<div class=\"elementor-widget-container\">\n\t\t\t\t\t<div style=\"font-size:\" class=\"about-one__text sec-title__tagline sec-title__tagline--center @@extraClassName\"> 2001 - SAGA PAINAPO <\/div>\t\t\t\t<\/div>\n\t\t\t\t<\/div>\n\t\t\t\t\t<\/div>\n\t\t\t\t<\/div>\n\t\t<div class=\"elementor-element elementor-element-f9b0b23 e-flex e-con-boxed e-con e-parent\" data-id=\"f9b0b23\" data-element_type=\"container\">\n\t\t\t\t\t<div class=\"e-con-inner\">\n\t\t\t\t<div class=\"elementor-element elementor-element-abd8830 elementor-widget elementor-widget-html\" data-id=\"abd8830\" data-element_type=\"widget\" data-widget_type=\"html.default\">\n\t\t\t\t<div class=\"elementor-widget-container\">\n\t\t\t\t\t<div class=\"lyte-wrapper fourthree\" title=\"2001 - SAGA PAINAPO\" style=\"width:960px;max-width:100%;margin:5px auto;\"><div class=\"lyMe\" id=\"WYL_-pg1fy9MpdE\" itemprop=\"video\" itemscope itemtype=\"https:\/\/schema.org\/VideoObject\"><div><meta itemprop=\"thumbnailUrl\" content=\"https:\/\/i.ytimg.com\/vi\/-pg1fy9MpdE\/hqdefault.jpg\" \/><meta itemprop=\"embedURL\" content=\"https:\/\/www.youtube.com\/embed\/-pg1fy9MpdE\" \/><meta itemprop=\"duration\" content=\"PT41M55S\" \/><meta itemprop=\"uploadDate\" content=\"2024-05-07T06:56:04Z\" \/><\/div><div id=\"lyte_-pg1fy9MpdE\" data-src=\"https:\/\/i.ytimg.com\/vi\/-pg1fy9MpdE\/hqdefault.jpg\" class=\"pL\"><div class=\"tC\"><div class=\"tT\" itemprop=\"name\">2001 - SAGA PAINAPO<\/div><\/div><div class=\"play\"><\/div><div class=\"ctrl\"><div class=\"Lctrl\"><\/div><div class=\"Rctrl\"><\/div><\/div><\/div><noscript><a href=\"https:\/\/youtu.be\/-pg1fy9MpdE\" rel=\"nofollow\"><img decoding=\"async\" src=\"https:\/\/i.ytimg.com\/vi\/-pg1fy9MpdE\/0.jpg\" alt=\"2001 - SAGA PAINAPO\" width=\"960\" height=\"700\" \/><br \/>Lire cette vid\u00e9o sur YouTube<\/a><\/noscript><meta itemprop=\"description\" content=\"Saga Painapo 1 \u00e0 Moorea 2001 sigl\u00e9\"><\/div><\/div><div class=\"lL\" style=\"max-width:100%;width:960px;margin:5px auto;\"><\/div>\t\t\t\t<\/div>\n\t\t\t\t<\/div>\n\t\t\t\t\t<\/div>\n\t\t\t\t<\/div>\n\t\t<div class=\"elementor-element elementor-element-34d4a06 e-flex e-con-boxed e-con e-parent\" data-id=\"34d4a06\" data-element_type=\"container\">\n\t\t\t\t\t<div class=\"e-con-inner\">\n\t\t\t\t<div class=\"elementor-element elementor-element-321246f elementor-widget elementor-widget-spacer\" data-id=\"321246f\" data-element_type=\"widget\" data-widget_type=\"spacer.default\">\n\t\t\t\t<div class=\"elementor-widget-container\">\n\t\t\t\t\t\t\t<div class=\"elementor-spacer\">\n\t\t\t<div class=\"elementor-spacer-inner\"><\/div>\n\t\t<\/div>\n\t\t\t\t\t\t<\/div>\n\t\t\t\t<\/div>\n\t\t\t\t\t<\/div>\n\t\t\t\t<\/div>\n\t\t<div class=\"elementor-element elementor-element-a3e1364 e-flex e-con-boxed e-con e-parent\" data-id=\"a3e1364\" data-element_type=\"container\">\n\t\t\t\t\t<div class=\"e-con-inner\">\n\t\t\t\t<div class=\"elementor-element elementor-element-725554c elementor-widget elementor-widget-html\" data-id=\"725554c\" data-element_type=\"widget\" data-widget_type=\"html.default\">\n\t\t\t\t<div class=\"elementor-widget-container\">\n\t\t\t\t\t<div style=\"font-size:\" class=\"about-one__text sec-title__tagline sec-title__tagline--center @@extraClassName\"> 1994 -  SAGA RAIROA <\/div>\t\t\t\t<\/div>\n\t\t\t\t<\/div>\n\t\t\t\t\t<\/div>\n\t\t\t\t<\/div>\n\t\t<div class=\"elementor-element elementor-element-0c474a3 e-flex e-con-boxed e-con e-parent\" data-id=\"0c474a3\" data-element_type=\"container\">\n\t\t\t\t\t<div class=\"e-con-inner\">\n\t\t\t\t<div class=\"elementor-element elementor-element-553a4c7 elementor-widget elementor-widget-html\" data-id=\"553a4c7\" data-element_type=\"widget\" data-widget_type=\"html.default\">\n\t\t\t\t<div class=\"elementor-widget-container\">\n\t\t\t\t\t<div class=\"lyte-wrapper fourthree\" title=\"1994 - SAGA RAIROA\" style=\"width:960px;max-width:100%;margin:5px auto;\"><div class=\"lyMe\" id=\"WYL_uPEMswywkTI\" itemprop=\"video\" itemscope itemtype=\"https:\/\/schema.org\/VideoObject\"><div><meta itemprop=\"thumbnailUrl\" content=\"https:\/\/i.ytimg.com\/vi\/uPEMswywkTI\/hqdefault.jpg\" \/><meta itemprop=\"embedURL\" content=\"https:\/\/www.youtube.com\/embed\/uPEMswywkTI\" \/><meta itemprop=\"duration\" content=\"PT8M38S\" \/><meta itemprop=\"uploadDate\" content=\"2024-05-07T07:02:56Z\" \/><\/div><div id=\"lyte_uPEMswywkTI\" data-src=\"https:\/\/i.ytimg.com\/vi\/uPEMswywkTI\/hqdefault.jpg\" class=\"pL\"><div class=\"tC\"><div class=\"tT\" itemprop=\"name\">1994 - SAGA RAIROA<\/div><\/div><div class=\"play\"><\/div><div class=\"ctrl\"><div class=\"Lctrl\"><\/div><div class=\"Rctrl\"><\/div><\/div><\/div><noscript><a href=\"https:\/\/youtu.be\/uPEMswywkTI\" rel=\"nofollow\"><img loading=\"lazy\" decoding=\"async\" src=\"https:\/\/i.ytimg.com\/vi\/uPEMswywkTI\/0.jpg\" alt=\"1994 - SAGA RAIROA\" width=\"960\" height=\"700\" \/><br \/>Lire cette vid\u00e9o sur YouTube<\/a><\/noscript><meta itemprop=\"description\" content=\"SAGA 1994 POLYNESIE1ERE\"><\/div><\/div><div class=\"lL\" style=\"max-width:100%;width:960px;margin:5px auto;\"><\/div>\t\t\t\t<\/div>\n\t\t\t\t<\/div>\n\t\t\t\t\t<\/div>\n\t\t\t\t<\/div>\n\t\t<div class=\"elementor-element elementor-element-383cba0 e-flex e-con-boxed e-con e-parent\" data-id=\"383cba0\" data-element_type=\"container\">\n\t\t\t\t\t<div class=\"e-con-inner\">\n\t\t\t\t<div class=\"elementor-element elementor-element-12aa458 elementor-widget elementor-widget-spacer\" data-id=\"12aa458\" data-element_type=\"widget\" data-widget_type=\"spacer.default\">\n\t\t\t\t<div class=\"elementor-widget-container\">\n\t\t\t\t\t\t\t<div class=\"elementor-spacer\">\n\t\t\t<div class=\"elementor-spacer-inner\"><\/div>\n\t\t<\/div>\n\t\t\t\t\t\t<\/div>\n\t\t\t\t<\/div>\n\t\t\t\t\t<\/div>\n\t\t\t\t<\/div>\n\t\t\t\t<\/div>\n\t\t","protected":false},"excerpt":{"rendered":"<p>Notre galerie vid\u00e9o Une belle galerie vid\u00e9o afin de rassembler tous les souvenirs, les sourires et la magie des moments de la Saga. 2002 &#8211; SAGA HINE 2003 &#8211; SAGA KAINA 2001 &#8211; SAGA PAINAPO 1994 &#8211; SAGA RAIROA<\/p>\n","protected":false},"author":1,"featured_media":0,"parent":0,"menu_order":0,"comment_status":"closed","ping_status":"closed","template":"elementor_header_footer","meta":{"give_campaign_id":0,"footnotes":""},"class_list":["post-7256","page","type-page","status-publish","hentry"],"yoast_head":"<!-- This site is optimized with the Yoast SEO plugin v26.8 - https:\/\/yoast.com\/product\/yoast-seo-wordpress\/ -->\n<title>Galerie vid\u00e9os - 1993 \u00e0 2003 - Saga Tahiti<\/title>\n<meta name=\"robots\" content=\"index, follow, max-snippet:-1, max-image-preview:large, max-video-preview:-1\" \/>\n<link rel=\"canonical\" href=\"https:\/\/www.dtp.dev.saga-tahiti.com\/index.php\/galerie-videos-1993-a-2003\/\" \/>\n<meta property=\"og:locale\" content=\"fr_FR\" \/>\n<meta property=\"og:type\" content=\"article\" \/>\n<meta property=\"og:title\" content=\"Galerie vid\u00e9os - 1993 \u00e0 2003 - Saga Tahiti\" \/>\n<meta property=\"og:description\" content=\"Notre galerie vid\u00e9o Une belle galerie vid\u00e9o afin de rassembler tous les souvenirs, les sourires et la magie des moments de la Saga. 2002 &#8211; SAGA HINE 2003 &#8211; SAGA KAINA 2001 &#8211; SAGA PAINAPO 1994 &#8211; SAGA RAIROA\" \/>\n<meta property=\"og:url\" content=\"https:\/\/www.dtp.dev.saga-tahiti.com\/index.php\/galerie-videos-1993-a-2003\/\" \/>\n<meta property=\"og:site_name\" content=\"Saga Tahiti\" \/>\n<meta property=\"article:modified_time\" content=\"2024-10-09T11:26:19+00:00\" \/>\n<meta name=\"twitter:card\" content=\"summary_large_image\" \/>\n<meta name=\"twitter:label1\" content=\"Dur\u00e9e de lecture estim\u00e9e\" \/>\n\t<meta name=\"twitter:data1\" content=\"1 minute\" \/>\n<script type=\"application\/ld+json\" class=\"yoast-schema-graph\">{\"@context\":\"https:\/\/schema.org\",\"@graph\":[{\"@type\":\"WebPage\",\"@id\":\"https:\/\/www.dtp.dev.saga-tahiti.com\/index.php\/galerie-videos-1993-a-2003\/\",\"url\":\"https:\/\/www.dtp.dev.saga-tahiti.com\/index.php\/galerie-videos-1993-a-2003\/\",\"name\":\"Galerie vid\u00e9os - 1993 \u00e0 2003 - Saga Tahiti\",\"isPartOf\":{\"@id\":\"https:\/\/www.dtp.dev.saga-tahiti.com\/#website\"},\"datePublished\":\"2024-05-08T08:49:24+00:00\",\"dateModified\":\"2024-10-09T11:26:19+00:00\",\"breadcrumb\":{\"@id\":\"https:\/\/www.dtp.dev.saga-tahiti.com\/index.php\/galerie-videos-1993-a-2003\/#breadcrumb\"},\"inLanguage\":\"fr-FR\",\"potentialAction\":[{\"@type\":\"ReadAction\",\"target\":[\"https:\/\/www.dtp.dev.saga-tahiti.com\/index.php\/galerie-videos-1993-a-2003\/\"]}]},{\"@type\":\"BreadcrumbList\",\"@id\":\"https:\/\/www.dtp.dev.saga-tahiti.com\/index.php\/galerie-videos-1993-a-2003\/#breadcrumb\",\"itemListElement\":[{\"@type\":\"ListItem\",\"position\":1,\"name\":\"Accueil\",\"item\":\"https:\/\/www.dtp.dev.saga-tahiti.com\/\"},{\"@type\":\"ListItem\",\"position\":2,\"name\":\"Galerie vid\u00e9os &#8211; 1993 \u00e0 2003\"}]},{\"@type\":\"WebSite\",\"@id\":\"https:\/\/www.dtp.dev.saga-tahiti.com\/#website\",\"url\":\"https:\/\/www.dtp.dev.saga-tahiti.com\/\",\"name\":\"Saga Tahiti\",\"description\":\"Aidez-nous \u00e0 poursuivre cette cause\",\"publisher\":{\"@id\":\"https:\/\/www.dtp.dev.saga-tahiti.com\/#organization\"},\"potentialAction\":[{\"@type\":\"SearchAction\",\"target\":{\"@type\":\"EntryPoint\",\"urlTemplate\":\"https:\/\/www.dtp.dev.saga-tahiti.com\/?s={search_term_string}\"},\"query-input\":{\"@type\":\"PropertyValueSpecification\",\"valueRequired\":true,\"valueName\":\"search_term_string\"}}],\"inLanguage\":\"fr-FR\"},{\"@type\":\"Organization\",\"@id\":\"https:\/\/www.dtp.dev.saga-tahiti.com\/#organization\",\"name\":\"Saga Tahiti\",\"url\":\"https:\/\/www.dtp.dev.saga-tahiti.com\/\",\"logo\":{\"@type\":\"ImageObject\",\"inLanguage\":\"fr-FR\",\"@id\":\"https:\/\/www.dtp.dev.saga-tahiti.com\/#\/schema\/logo\/image\/\",\"url\":\"https:\/\/www.dtp.dev.saga-tahiti.com\/wp-content\/uploads\/2024\/10\/cropped-cropped-logo250x250-1-1.png\",\"contentUrl\":\"https:\/\/www.dtp.dev.saga-tahiti.com\/wp-content\/uploads\/2024\/10\/cropped-cropped-logo250x250-1-1.png\",\"width\":250,\"height\":250,\"caption\":\"Saga Tahiti\"},\"image\":{\"@id\":\"https:\/\/www.dtp.dev.saga-tahiti.com\/#\/schema\/logo\/image\/\"}}]}<\/script>\n<!-- \/ Yoast SEO plugin. -->","yoast_head_json":{"title":"Galerie vid\u00e9os - 1993 \u00e0 2003 - Saga Tahiti","robots":{"index":"index","follow":"follow","max-snippet":"max-snippet:-1","max-image-preview":"max-image-preview:large","max-video-preview":"max-video-preview:-1"},"canonical":"https:\/\/www.dtp.dev.saga-tahiti.com\/index.php\/galerie-videos-1993-a-2003\/","og_locale":"fr_FR","og_type":"article","og_title":"Galerie vid\u00e9os - 1993 \u00e0 2003 - Saga Tahiti","og_description":"Notre galerie vid\u00e9o Une belle galerie vid\u00e9o afin de rassembler tous les souvenirs, les sourires et la magie des moments de la Saga. 2002 &#8211; SAGA HINE 2003 &#8211; SAGA KAINA 2001 &#8211; SAGA PAINAPO 1994 &#8211; SAGA RAIROA","og_url":"https:\/\/www.dtp.dev.saga-tahiti.com\/index.php\/galerie-videos-1993-a-2003\/","og_site_name":"Saga Tahiti","article_modified_time":"2024-10-09T11:26:19+00:00","twitter_card":"summary_large_image","twitter_misc":{"Dur\u00e9e de lecture estim\u00e9e":"1 minute"},"schema":{"@context":"https:\/\/schema.org","@graph":[{"@type":"WebPage","@id":"https:\/\/www.dtp.dev.saga-tahiti.com\/index.php\/galerie-videos-1993-a-2003\/","url":"https:\/\/www.dtp.dev.saga-tahiti.com\/index.php\/galerie-videos-1993-a-2003\/","name":"Galerie vid\u00e9os - 1993 \u00e0 2003 - Saga Tahiti","isPartOf":{"@id":"https:\/\/www.dtp.dev.saga-tahiti.com\/#website"},"datePublished":"2024-05-08T08:49:24+00:00","dateModified":"2024-10-09T11:26:19+00:00","breadcrumb":{"@id":"https:\/\/www.dtp.dev.saga-tahiti.com\/index.php\/galerie-videos-1993-a-2003\/#breadcrumb"},"inLanguage":"fr-FR","potentialAction":[{"@type":"ReadAction","target":["https:\/\/www.dtp.dev.saga-tahiti.com\/index.php\/galerie-videos-1993-a-2003\/"]}]},{"@type":"BreadcrumbList","@id":"https:\/\/www.dtp.dev.saga-tahiti.com\/index.php\/galerie-videos-1993-a-2003\/#breadcrumb","itemListElement":[{"@type":"ListItem","position":1,"name":"Accueil","item":"https:\/\/www.dtp.dev.saga-tahiti.com\/"},{"@type":"ListItem","position":2,"name":"Galerie vid\u00e9os &#8211; 1993 \u00e0 2003"}]},{"@type":"WebSite","@id":"https:\/\/www.dtp.dev.saga-tahiti.com\/#website","url":"https:\/\/www.dtp.dev.saga-tahiti.com\/","name":"Saga Tahiti","description":"Aidez-nous \u00e0 poursuivre cette cause","publisher":{"@id":"https:\/\/www.dtp.dev.saga-tahiti.com\/#organization"},"potentialAction":[{"@type":"SearchAction","target":{"@type":"EntryPoint","urlTemplate":"https:\/\/www.dtp.dev.saga-tahiti.com\/?s={search_term_string}"},"query-input":{"@type":"PropertyValueSpecification","valueRequired":true,"valueName":"search_term_string"}}],"inLanguage":"fr-FR"},{"@type":"Organization","@id":"https:\/\/www.dtp.dev.saga-tahiti.com\/#organization","name":"Saga Tahiti","url":"https:\/\/www.dtp.dev.saga-tahiti.com\/","logo":{"@type":"ImageObject","inLanguage":"fr-FR","@id":"https:\/\/www.dtp.dev.saga-tahiti.com\/#\/schema\/logo\/image\/","url":"https:\/\/www.dtp.dev.saga-tahiti.com\/wp-content\/uploads\/2024\/10\/cropped-cropped-logo250x250-1-1.png","contentUrl":"https:\/\/www.dtp.dev.saga-tahiti.com\/wp-content\/uploads\/2024\/10\/cropped-cropped-logo250x250-1-1.png","width":250,"height":250,"caption":"Saga Tahiti"},"image":{"@id":"https:\/\/www.dtp.dev.saga-tahiti.com\/#\/schema\/logo\/image\/"}}]}},"campaignId":"","_links":{"self":[{"href":"https:\/\/www.dtp.dev.saga-tahiti.com\/index.php\/wp-json\/wp\/v2\/pages\/7256","targetHints":{"allow":["GET"]}}],"collection":[{"href":"https:\/\/www.dtp.dev.saga-tahiti.com\/index.php\/wp-json\/wp\/v2\/pages"}],"about":[{"href":"https:\/\/www.dtp.dev.saga-tahiti.com\/index.php\/wp-json\/wp\/v2\/types\/page"}],"author":[{"embeddable":true,"href":"https:\/\/www.dtp.dev.saga-tahiti.com\/index.php\/wp-json\/wp\/v2\/users\/1"}],"replies":[{"embeddable":true,"href":"https:\/\/www.dtp.dev.saga-tahiti.com\/index.php\/wp-json\/wp\/v2\/comments?post=7256"}],"version-history":[{"count":16,"href":"https:\/\/www.dtp.dev.saga-tahiti.com\/index.php\/wp-json\/wp\/v2\/pages\/7256\/revisions"}],"predecessor-version":[{"id":8143,"href":"https:\/\/www.dtp.dev.saga-tahiti.com\/index.php\/wp-json\/wp\/v2\/pages\/7256\/revisions\/8143"}],"wp:attachment":[{"href":"https:\/\/www.dtp.dev.saga-tahiti.com\/index.php\/wp-json\/wp\/v2\/media?parent=7256"}],"curies":[{"name":"wp","href":"https:\/\/api.w.org\/{rel}","templated":true}]}}