{"id":5676,"date":"2024-04-29T12:33:21","date_gmt":"2024-04-29T10:33:21","guid":{"rendered":"https:\/\/www.saga-tahiti.com\/?page_id=5676"},"modified":"2024-11-14T00:53:44","modified_gmt":"2024-11-13T23:53:44","slug":"soutenir-la-saga","status":"publish","type":"page","link":"https:\/\/www.dtp.dev.saga-tahiti.com\/index.php\/soutenir-la-saga\/","title":{"rendered":"Soutenir la saga"},"content":{"rendered":"\t\t<div data-elementor-type=\"wp-page\" data-elementor-id=\"5676\" class=\"elementor elementor-5676\">\n\t\t\t\t<div class=\"elementor-element elementor-element-0092a60 e-con-full e-flex e-con e-parent\" data-id=\"0092a60\" data-element_type=\"container\">\n\t\t\t\t<div class=\"elementor-element elementor-element-8a4fb16 elementor-widget elementor-widget-spacer\" data-id=\"8a4fb16\" data-element_type=\"widget\" data-widget_type=\"spacer.default\">\n\t\t\t\t<div class=\"elementor-widget-container\">\n\t\t\t\t\t\t\t<div class=\"elementor-spacer\">\n\t\t\t<div class=\"elementor-spacer-inner\"><\/div>\n\t\t<\/div>\n\t\t\t\t\t\t<\/div>\n\t\t\t\t<\/div>\n\t\t\t\t<div class=\"elementor-element elementor-element-011ed0d elementor-widget elementor-widget-html\" data-id=\"011ed0d\" data-element_type=\"widget\" data-widget_type=\"html.default\">\n\t\t\t\t<div class=\"elementor-widget-container\">\n\t\t\t\t\t<div style=\"display: flex; align-items: center; justify-content: center;\">\r\n  <h6 class=\"sec-title__tagline @@extraClassName\" style=\"font-size: 24px;\">Comment soutenir la Saga ? Quels types d\u2019engagement ?!<\/h6>\r\n<\/div>\r\n\r\n\t\t\t\t<\/div>\n\t\t\t\t<\/div>\n\t\t\t\t<div class=\"elementor-element elementor-element-c09019f elementor-widget elementor-widget-cleenhearts-faq\" data-id=\"c09019f\" data-element_type=\"widget\" data-widget_type=\"cleenhearts-faq.default\">\n\t\t\t\t<div class=\"elementor-widget-container\">\n\t\t\t\t\t\t<!-- Faq Start -->\r\n\t<section class=\"faq-one section-space\">\r\n\t\t<div class=\"container\">\r\n\t\t\t<div class=\"row gutter-y-50\">\r\n\t\t\t\t<div class=\"col-xl-6 col-lg-6 wow fadeInLeft\" data-wow-duration=\"1500ms\" data-wow-delay=\"100ms\">\r\n\t\t\t\t\t<div class=\"faq-one__image\">\r\n\t\t\t\t\t\t<img decoding=\"async\" src=\"https:\/\/www.dtp.dev.saga-tahiti.com\/wp-content\/uploads\/2023\/11\/blog-saga-326x242-1.png\" alt=\"blog-saga-326x242\" title=\"blog-saga-326&#215;242\" >\t\t\t\t\t<\/div><!-- \/.faq-one__image -->\r\n\t\t\t\t<\/div><!-- \/.col-xl-6 col-lg-6 -->\r\n\t\t\t\t<div class=\"col-xl-6 col-lg-6\">\r\n\t\t\t\t\t<div class=\"faq-one__content\">\r\n\t\t\t\t\t\t<div class=\"sec-title\">\r\n\t\t\t\t\t\t\t<h6 class=\"sec-title__tagline @@extraClassName\">1-Je fais un don mon\u00e9taire ou en nature<\/h6>\t\t\t\t\t\t<\/div><!-- \/.sec-title -->\r\n\t\t\t\t\t\t<p class=\"faq-one__text\"><div class=\"about-one__text mt-3\"> Je soutiens (dons mon\u00e9taires ou en nature \u2013 particulier ou entreprise ou association) ou je donne en nature<\/div>\n\n    <div class=\"about-one__text mt-3\">Je participe au financement partiel de la prise en charge d\u2019un enfant, afin de compl\u00e8ter les besoins de la SAGA.<\/div>\n    \n    <div class=\"about-one__text mt-3\">Le montant est libre.<\/div>\n    \n    <div class=\"about-one__text mt-3\">Il n\u2019y a en effet pas de petit don, il n\u2019y a que des gestes de g\u00e9n\u00e9rosit\u00e9.<\/div>\n<div class=\"about-one__text mt-3\"> \n    Pour en savoir plus sur comment faire un don, visitez notre section <a href=\"https:\/\/www.saga-tahiti.com\/index.php\/je-fais-un-don\/\">je fais un don<\/a> sur notre site web.\n<\/div>\n\n<\/p>\t\t\t\t\t\t<div class=\"cleenhearts-accordion wow fadeInUp\" data-wow-duration=\"1500ms\" data-wow-delay=\"100ms\" data-grp-name=\"cleenhearts-accordion\">\r\n\t\t\t\t\t\t\t\t\t\t\t\t\t<\/div>\r\n\t\t\t\t\t<\/div><!-- \/.faq-one__content -->\r\n\t\t\t\t<\/div><!-- \/.col-xl-6 col-lg-6 -->\r\n\t\t\t<\/div><!-- \/.row -->\r\n\t\t<\/div><!-- \/.container -->\r\n\t<\/section><!-- \/.faq-one section-space -->\r\n\t<!-- Faq End -->\r\n\r\n\t\t\t\t<\/div>\n\t\t\t\t<\/div>\n\t\t\t\t<\/div>\n\t\t<div class=\"elementor-element elementor-element-e1fe1af e-con-full e-flex e-con e-parent\" data-id=\"e1fe1af\" data-element_type=\"container\">\n\t\t\t\t<div class=\"elementor-element elementor-element-dcf64ba elementor-widget elementor-widget-cleenhearts-faq\" data-id=\"dcf64ba\" data-element_type=\"widget\" data-widget_type=\"cleenhearts-faq.default\">\n\t\t\t\t<div class=\"elementor-widget-container\">\n\t\t\t\t\t\t<!-- Faq Start -->\r\n\t<section class=\"faq-one section-space\">\r\n\t\t<div class=\"container\">\r\n\t\t\t<div class=\"row gutter-y-50\">\r\n\t\t\t\t<div class=\"col-xl-6 col-lg-6 wow fadeInLeft\" data-wow-duration=\"1500ms\" data-wow-delay=\"100ms\">\r\n\t\t\t\t\t<div class=\"faq-one__image\">\r\n\t\t\t\t\t\t<img decoding=\"async\" src=\"https:\/\/www.dtp.dev.saga-tahiti.com\/wp-content\/uploads\/2024\/04\/83399638_1658812434269842_7257129821674114353_n.jpg\" alt=\"83399638_1658812434269842_7257129821674114353_n\" title=\"83399638_1658812434269842_7257129821674114353_n\" >\t\t\t\t\t<\/div><!-- \/.faq-one__image -->\r\n\t\t\t\t<\/div><!-- \/.col-xl-6 col-lg-6 -->\r\n\t\t\t\t<div class=\"col-xl-6 col-lg-6\">\r\n\t\t\t\t\t<div class=\"faq-one__content\">\r\n\t\t\t\t\t\t<div class=\"sec-title\">\r\n\t\t\t\t\t\t\t<h3 class=\"sec-title__tagline @@extraClassName\">2-Je m\u2019engage en tant que b\u00e9n\u00e9vole<\/h3>\t\t\t\t\t\t<\/div><!-- \/.sec-title -->\r\n\t\t\t\t\t\t<p class=\"faq-one__text\"><div class=\"about-one__text mt-3\">\n    Chaque ann\u00e9e, la grande aventure de la SAGA d\u00e9bute avec notre traditionnelle r\u00e9colte de dons. Cette \u00e9tape est le premier maillon de cette grande cha\u00eene de solidarit\u00e9. \n<\/div>\n<div class=\"about-one__text mt-3\">\n    Alors, si vous souhaitez aussi faire partie de l'\u00e9quipe, vous pouvez postuler en tant que b\u00e9n\u00e9vole pour cette premi\u00e8re action !\n<\/div>\n<div class=\"about-one__text mt-3\"> \n    - \u00c0 la r\u00e9colte des go\u00fbters dans les magasins Carrefour en remplissant le formulaire b\u00e9n\u00e9vole\n<\/div>\n<div class=\"about-one__text mt-3\"> \n    - En devenant aide-moniteur (niveau vert requis + 16ans) en envoyant un mail \u00e0 <a href=\"mailto:sagatahiti@gmail.com\">sagatahiti@gmail.com<\/a>\n<\/div>\n\n\n\n<\/p>\t\t\t\t\t\t<div class=\"cleenhearts-accordion wow fadeInUp\" data-wow-duration=\"1500ms\" data-wow-delay=\"100ms\" data-grp-name=\"cleenhearts-accordion\">\r\n\t\t\t\t\t\t\t\t\t\t\t\t\t<\/div>\r\n\t\t\t\t\t<\/div><!-- \/.faq-one__content -->\r\n\t\t\t\t<\/div><!-- \/.col-xl-6 col-lg-6 -->\r\n\t\t\t<\/div><!-- \/.row -->\r\n\t\t<\/div><!-- \/.container -->\r\n\t<\/section><!-- \/.faq-one section-space -->\r\n\t<!-- Faq End -->\r\n\r\n\t\t\t\t<\/div>\n\t\t\t\t<\/div>\n\t\t\t\t<\/div>\n\t\t<div class=\"elementor-element elementor-element-9686761 e-con-full e-flex e-con e-parent\" data-id=\"9686761\" data-element_type=\"container\">\n\t\t\t\t<div class=\"elementor-element elementor-element-fd31c62 elementor-widget elementor-widget-cleenhearts-video\" data-id=\"fd31c62\" data-element_type=\"widget\" data-widget_type=\"cleenhearts-video.default\">\n\t\t\t\t<div class=\"elementor-widget-container\">\n\t\t\t\t\t    <!-- Video Style One Start-->\r\n    <section class=\"video-one\">\r\n        <div class=\"video-one__bg cleenhearts-jarallax\" data-jarallax data-speed=\"0.3\" data-imgPosition=\"50% -100%\" style=\"background-image: url(https:\/\/www.dtp.dev.saga-tahiti.com\/wp-content\/uploads\/2024\/08\/454289315_486596564071833_4287246195640640430_n.jpg);\"><\/div><!-- \/.video-one__bg -->\r\n        <div class=\"container\">\r\n            <h1 class=\"video-one__title\">Devenir b\u00e9n\u00e9vole<\/h1>                            <a href=\"https:\/\/www.youtube.com\/watch?v=NhFwUAobgK8\" class=\"video-one__button video-button video-popup\">\r\n                    <span class=\"icon-play\"><\/span>\r\n                    <i class=\"video-button__ripple\"><\/i>\r\n                <\/a><!-- \/.video-one__button -->\r\n                    <\/div><!-- \/.container -->\r\n    <\/section><!-- \/.video-one -->\r\n    <!-- Video Style One End -->\r\n\t\t\t\t<\/div>\n\t\t\t\t<\/div>\n\t\t\t\t<\/div>\n\t\t<div class=\"elementor-element elementor-element-c13c211 e-flex e-con-boxed e-con e-parent\" data-id=\"c13c211\" data-element_type=\"container\">\n\t\t\t\t\t<div class=\"e-con-inner\">\n\t\t\t\t<div class=\"elementor-element elementor-element-8f8fb63 elementor-widget elementor-widget-cleenhearts-faq\" data-id=\"8f8fb63\" data-element_type=\"widget\" data-widget_type=\"cleenhearts-faq.default\">\n\t\t\t\t<div class=\"elementor-widget-container\">\n\t\t\t\t\t\t<!-- Faq Start -->\r\n\t<section class=\"faq-one section-space\">\r\n\t\t<div class=\"container\">\r\n\t\t\t<div class=\"row gutter-y-50\">\r\n\t\t\t\t<div class=\"col-xl-6 col-lg-6 wow fadeInLeft\" data-wow-duration=\"1500ms\" data-wow-delay=\"100ms\">\r\n\t\t\t\t\t<div class=\"faq-one__image\">\r\n\t\t\t\t\t\t<img decoding=\"async\" src=\"https:\/\/www.dtp.dev.saga-tahiti.com\/wp-content\/uploads\/2024\/05\/saga-handshake.webp\" alt=\"saga-handshake\" title=\"saga-handshake\" >\t\t\t\t\t<\/div><!-- \/.faq-one__image -->\r\n\t\t\t\t<\/div><!-- \/.col-xl-6 col-lg-6 -->\r\n\t\t\t\t<div class=\"col-xl-6 col-lg-6\">\r\n\t\t\t\t\t<div class=\"faq-one__content\">\r\n\t\t\t\t\t\t<div class=\"sec-title\">\r\n\t\t\t\t\t\t\t<h3 class=\"sec-title__tagline @@extraClassName\">3-Je deviens partenaires (entreprises)<\/h3>\t\t\t\t\t\t<\/div><!-- \/.sec-title -->\r\n\t\t\t\t\t\t<p class=\"faq-one__text\"><div class=\"about-one__text mt-3\">\n    Pour l'\u00e9v\u00e8nement de la SAGA, nos partenaires jouent un r\u00f4le crucial en nous aidant \u00e0 offrir des exp\u00e9riences inoubliables aux jeunes de la Polyn\u00e9sie fran\u00e7aise. \n<\/div>\n<div class=\"about-one__text mt-3\">\n    En devenant partenaire, votre organisation peut faire une diff\u00e9rence significative dans la vie des enfants d\u00e9favoris\u00e9s \u00e0 travers des soutiens financiers et des contributions en nature ou un engagement b\u00e9n\u00e9vole.\n<\/div>\n<div class=\"about-one__text mt-3\"> \n    Pour en savoir plus sur comment devenir partenaire, visitez notre section <a href=\"https:\/\/www.saga-tahiti.com\/index.php\/devenir-partenaire\/\">devenir partenaire <\/a> sur notre site web.\n<\/div>\n\n<\/p>\t\t\t\t\t\t<div class=\"cleenhearts-accordion wow fadeInUp\" data-wow-duration=\"1500ms\" data-wow-delay=\"100ms\" data-grp-name=\"cleenhearts-accordion\">\r\n\t\t\t\t\t\t\t\t\t\t\t\t\t<\/div>\r\n\t\t\t\t\t<\/div><!-- \/.faq-one__content -->\r\n\t\t\t\t<\/div><!-- \/.col-xl-6 col-lg-6 -->\r\n\t\t\t<\/div><!-- \/.row -->\r\n\t\t<\/div><!-- \/.container -->\r\n\t<\/section><!-- \/.faq-one section-space -->\r\n\t<!-- Faq End -->\r\n\r\n\t\t\t\t<\/div>\n\t\t\t\t<\/div>\n\t\t\t\t\t<\/div>\n\t\t\t\t<\/div>\n\t\t\t\t<\/div>\n\t\t","protected":false},"excerpt":{"rendered":"<p>Comment soutenir la Saga ? Quels types d\u2019engagement ?! 1-Je fais un don mon\u00e9taire ou en nature Je soutiens (dons mon\u00e9taires ou en nature \u2013 particulier ou entreprise ou association) ou je donne en nature Je participe au financement partiel de la prise en charge d\u2019un enfant, afin de compl\u00e8ter les besoins de la SAGA. [&hellip;]<\/p>\n","protected":false},"author":1,"featured_media":9607,"parent":0,"menu_order":0,"comment_status":"closed","ping_status":"closed","template":"elementor_header_footer","meta":{"give_campaign_id":0,"footnotes":""},"class_list":["post-5676","page","type-page","status-publish","has-post-thumbnail","hentry"],"yoast_head":"<!-- This site is optimized with the Yoast SEO plugin v26.8 - https:\/\/yoast.com\/product\/yoast-seo-wordpress\/ -->\n<title>Soutenir la saga - Saga Tahiti<\/title>\n<meta name=\"description\" content=\"Soutenez Saga Tahiti en faisant un don, en devenant b\u00e9n\u00e9vole ou partenaire. Aidez-nous \u00e0 offrir des exp\u00e9riences nautiques et \u00e9ducatives inoubliables aux jeunes d\u00e9favoris\u00e9s de la Polyn\u00e9sie fran\u00e7aise.\" \/>\n<meta name=\"robots\" content=\"index, follow, max-snippet:-1, max-image-preview:large, max-video-preview:-1\" \/>\n<link rel=\"canonical\" href=\"https:\/\/www.dtp.dev.saga-tahiti.com\/index.php\/soutenir-la-saga\/\" \/>\n<meta property=\"og:locale\" content=\"fr_FR\" \/>\n<meta property=\"og:type\" content=\"article\" \/>\n<meta property=\"og:title\" content=\"Soutenir la saga - Saga Tahiti\" \/>\n<meta property=\"og:description\" content=\"Soutenez Saga Tahiti en faisant un don, en devenant b\u00e9n\u00e9vole ou partenaire. Aidez-nous \u00e0 offrir des exp\u00e9riences nautiques et \u00e9ducatives inoubliables aux jeunes d\u00e9favoris\u00e9s de la Polyn\u00e9sie fran\u00e7aise.\" \/>\n<meta property=\"og:url\" content=\"https:\/\/www.dtp.dev.saga-tahiti.com\/index.php\/soutenir-la-saga\/\" \/>\n<meta property=\"og:site_name\" content=\"Saga Tahiti\" \/>\n<meta property=\"article:modified_time\" content=\"2024-11-13T23:53:44+00:00\" \/>\n<meta property=\"og:image\" content=\"https:\/\/www.dtp.dev.saga-tahiti.com\/wp-content\/uploads\/2024\/10\/blog-saga-326x242-1.png\" \/>\n\t<meta property=\"og:image:width\" content=\"326\" \/>\n\t<meta property=\"og:image:height\" content=\"242\" \/>\n\t<meta property=\"og:image:type\" content=\"image\/png\" \/>\n<meta name=\"twitter:card\" content=\"summary_large_image\" \/>\n<meta name=\"twitter:label1\" content=\"Dur\u00e9e de lecture estim\u00e9e\" \/>\n\t<meta name=\"twitter:data1\" content=\"2 minutes\" \/>\n<script type=\"application\/ld+json\" class=\"yoast-schema-graph\">{\"@context\":\"https:\/\/schema.org\",\"@graph\":[{\"@type\":\"WebPage\",\"@id\":\"https:\/\/www.dtp.dev.saga-tahiti.com\/index.php\/soutenir-la-saga\/\",\"url\":\"https:\/\/www.dtp.dev.saga-tahiti.com\/index.php\/soutenir-la-saga\/\",\"name\":\"Soutenir la saga - Saga Tahiti\",\"isPartOf\":{\"@id\":\"https:\/\/www.dtp.dev.saga-tahiti.com\/#website\"},\"primaryImageOfPage\":{\"@id\":\"https:\/\/www.dtp.dev.saga-tahiti.com\/index.php\/soutenir-la-saga\/#primaryimage\"},\"image\":{\"@id\":\"https:\/\/www.dtp.dev.saga-tahiti.com\/index.php\/soutenir-la-saga\/#primaryimage\"},\"thumbnailUrl\":\"https:\/\/www.dtp.dev.saga-tahiti.com\/wp-content\/uploads\/2024\/10\/blog-saga-326x242-1.png\",\"datePublished\":\"2024-04-29T10:33:21+00:00\",\"dateModified\":\"2024-11-13T23:53:44+00:00\",\"description\":\"Soutenez Saga Tahiti en faisant un don, en devenant b\u00e9n\u00e9vole ou partenaire. Aidez-nous \u00e0 offrir des exp\u00e9riences nautiques et \u00e9ducatives inoubliables aux jeunes d\u00e9favoris\u00e9s de la Polyn\u00e9sie fran\u00e7aise.\",\"breadcrumb\":{\"@id\":\"https:\/\/www.dtp.dev.saga-tahiti.com\/index.php\/soutenir-la-saga\/#breadcrumb\"},\"inLanguage\":\"fr-FR\",\"potentialAction\":[{\"@type\":\"ReadAction\",\"target\":[\"https:\/\/www.dtp.dev.saga-tahiti.com\/index.php\/soutenir-la-saga\/\"]}]},{\"@type\":\"ImageObject\",\"inLanguage\":\"fr-FR\",\"@id\":\"https:\/\/www.dtp.dev.saga-tahiti.com\/index.php\/soutenir-la-saga\/#primaryimage\",\"url\":\"https:\/\/www.dtp.dev.saga-tahiti.com\/wp-content\/uploads\/2024\/10\/blog-saga-326x242-1.png\",\"contentUrl\":\"https:\/\/www.dtp.dev.saga-tahiti.com\/wp-content\/uploads\/2024\/10\/blog-saga-326x242-1.png\",\"width\":326,\"height\":242},{\"@type\":\"BreadcrumbList\",\"@id\":\"https:\/\/www.dtp.dev.saga-tahiti.com\/index.php\/soutenir-la-saga\/#breadcrumb\",\"itemListElement\":[{\"@type\":\"ListItem\",\"position\":1,\"name\":\"Accueil\",\"item\":\"https:\/\/www.dtp.dev.saga-tahiti.com\/\"},{\"@type\":\"ListItem\",\"position\":2,\"name\":\"Soutenir la saga\"}]},{\"@type\":\"WebSite\",\"@id\":\"https:\/\/www.dtp.dev.saga-tahiti.com\/#website\",\"url\":\"https:\/\/www.dtp.dev.saga-tahiti.com\/\",\"name\":\"Saga Tahiti\",\"description\":\"Aidez-nous \u00e0 poursuivre cette cause\",\"publisher\":{\"@id\":\"https:\/\/www.dtp.dev.saga-tahiti.com\/#organization\"},\"potentialAction\":[{\"@type\":\"SearchAction\",\"target\":{\"@type\":\"EntryPoint\",\"urlTemplate\":\"https:\/\/www.dtp.dev.saga-tahiti.com\/?s={search_term_string}\"},\"query-input\":{\"@type\":\"PropertyValueSpecification\",\"valueRequired\":true,\"valueName\":\"search_term_string\"}}],\"inLanguage\":\"fr-FR\"},{\"@type\":\"Organization\",\"@id\":\"https:\/\/www.dtp.dev.saga-tahiti.com\/#organization\",\"name\":\"Saga Tahiti\",\"url\":\"https:\/\/www.dtp.dev.saga-tahiti.com\/\",\"logo\":{\"@type\":\"ImageObject\",\"inLanguage\":\"fr-FR\",\"@id\":\"https:\/\/www.dtp.dev.saga-tahiti.com\/#\/schema\/logo\/image\/\",\"url\":\"https:\/\/www.dtp.dev.saga-tahiti.com\/wp-content\/uploads\/2024\/10\/cropped-cropped-logo250x250-1-1.png\",\"contentUrl\":\"https:\/\/www.dtp.dev.saga-tahiti.com\/wp-content\/uploads\/2024\/10\/cropped-cropped-logo250x250-1-1.png\",\"width\":250,\"height\":250,\"caption\":\"Saga Tahiti\"},\"image\":{\"@id\":\"https:\/\/www.dtp.dev.saga-tahiti.com\/#\/schema\/logo\/image\/\"}}]}<\/script>\n<!-- \/ Yoast SEO plugin. -->","yoast_head_json":{"title":"Soutenir la saga - Saga Tahiti","description":"Soutenez Saga Tahiti en faisant un don, en devenant b\u00e9n\u00e9vole ou partenaire. Aidez-nous \u00e0 offrir des exp\u00e9riences nautiques et \u00e9ducatives inoubliables aux jeunes d\u00e9favoris\u00e9s de la Polyn\u00e9sie fran\u00e7aise.","robots":{"index":"index","follow":"follow","max-snippet":"max-snippet:-1","max-image-preview":"max-image-preview:large","max-video-preview":"max-video-preview:-1"},"canonical":"https:\/\/www.dtp.dev.saga-tahiti.com\/index.php\/soutenir-la-saga\/","og_locale":"fr_FR","og_type":"article","og_title":"Soutenir la saga - Saga Tahiti","og_description":"Soutenez Saga Tahiti en faisant un don, en devenant b\u00e9n\u00e9vole ou partenaire. Aidez-nous \u00e0 offrir des exp\u00e9riences nautiques et \u00e9ducatives inoubliables aux jeunes d\u00e9favoris\u00e9s de la Polyn\u00e9sie fran\u00e7aise.","og_url":"https:\/\/www.dtp.dev.saga-tahiti.com\/index.php\/soutenir-la-saga\/","og_site_name":"Saga Tahiti","article_modified_time":"2024-11-13T23:53:44+00:00","og_image":[{"width":326,"height":242,"url":"https:\/\/www.dtp.dev.saga-tahiti.com\/wp-content\/uploads\/2024\/10\/blog-saga-326x242-1.png","type":"image\/png"}],"twitter_card":"summary_large_image","twitter_misc":{"Dur\u00e9e de lecture estim\u00e9e":"2 minutes"},"schema":{"@context":"https:\/\/schema.org","@graph":[{"@type":"WebPage","@id":"https:\/\/www.dtp.dev.saga-tahiti.com\/index.php\/soutenir-la-saga\/","url":"https:\/\/www.dtp.dev.saga-tahiti.com\/index.php\/soutenir-la-saga\/","name":"Soutenir la saga - Saga Tahiti","isPartOf":{"@id":"https:\/\/www.dtp.dev.saga-tahiti.com\/#website"},"primaryImageOfPage":{"@id":"https:\/\/www.dtp.dev.saga-tahiti.com\/index.php\/soutenir-la-saga\/#primaryimage"},"image":{"@id":"https:\/\/www.dtp.dev.saga-tahiti.com\/index.php\/soutenir-la-saga\/#primaryimage"},"thumbnailUrl":"https:\/\/www.dtp.dev.saga-tahiti.com\/wp-content\/uploads\/2024\/10\/blog-saga-326x242-1.png","datePublished":"2024-04-29T10:33:21+00:00","dateModified":"2024-11-13T23:53:44+00:00","description":"Soutenez Saga Tahiti en faisant un don, en devenant b\u00e9n\u00e9vole ou partenaire. Aidez-nous \u00e0 offrir des exp\u00e9riences nautiques et \u00e9ducatives inoubliables aux jeunes d\u00e9favoris\u00e9s de la Polyn\u00e9sie fran\u00e7aise.","breadcrumb":{"@id":"https:\/\/www.dtp.dev.saga-tahiti.com\/index.php\/soutenir-la-saga\/#breadcrumb"},"inLanguage":"fr-FR","potentialAction":[{"@type":"ReadAction","target":["https:\/\/www.dtp.dev.saga-tahiti.com\/index.php\/soutenir-la-saga\/"]}]},{"@type":"ImageObject","inLanguage":"fr-FR","@id":"https:\/\/www.dtp.dev.saga-tahiti.com\/index.php\/soutenir-la-saga\/#primaryimage","url":"https:\/\/www.dtp.dev.saga-tahiti.com\/wp-content\/uploads\/2024\/10\/blog-saga-326x242-1.png","contentUrl":"https:\/\/www.dtp.dev.saga-tahiti.com\/wp-content\/uploads\/2024\/10\/blog-saga-326x242-1.png","width":326,"height":242},{"@type":"BreadcrumbList","@id":"https:\/\/www.dtp.dev.saga-tahiti.com\/index.php\/soutenir-la-saga\/#breadcrumb","itemListElement":[{"@type":"ListItem","position":1,"name":"Accueil","item":"https:\/\/www.dtp.dev.saga-tahiti.com\/"},{"@type":"ListItem","position":2,"name":"Soutenir la saga"}]},{"@type":"WebSite","@id":"https:\/\/www.dtp.dev.saga-tahiti.com\/#website","url":"https:\/\/www.dtp.dev.saga-tahiti.com\/","name":"Saga Tahiti","description":"Aidez-nous \u00e0 poursuivre cette cause","publisher":{"@id":"https:\/\/www.dtp.dev.saga-tahiti.com\/#organization"},"potentialAction":[{"@type":"SearchAction","target":{"@type":"EntryPoint","urlTemplate":"https:\/\/www.dtp.dev.saga-tahiti.com\/?s={search_term_string}"},"query-input":{"@type":"PropertyValueSpecification","valueRequired":true,"valueName":"search_term_string"}}],"inLanguage":"fr-FR"},{"@type":"Organization","@id":"https:\/\/www.dtp.dev.saga-tahiti.com\/#organization","name":"Saga Tahiti","url":"https:\/\/www.dtp.dev.saga-tahiti.com\/","logo":{"@type":"ImageObject","inLanguage":"fr-FR","@id":"https:\/\/www.dtp.dev.saga-tahiti.com\/#\/schema\/logo\/image\/","url":"https:\/\/www.dtp.dev.saga-tahiti.com\/wp-content\/uploads\/2024\/10\/cropped-cropped-logo250x250-1-1.png","contentUrl":"https:\/\/www.dtp.dev.saga-tahiti.com\/wp-content\/uploads\/2024\/10\/cropped-cropped-logo250x250-1-1.png","width":250,"height":250,"caption":"Saga Tahiti"},"image":{"@id":"https:\/\/www.dtp.dev.saga-tahiti.com\/#\/schema\/logo\/image\/"}}]}},"campaignId":"","_links":{"self":[{"href":"https:\/\/www.dtp.dev.saga-tahiti.com\/index.php\/wp-json\/wp\/v2\/pages\/5676","targetHints":{"allow":["GET"]}}],"collection":[{"href":"https:\/\/www.dtp.dev.saga-tahiti.com\/index.php\/wp-json\/wp\/v2\/pages"}],"about":[{"href":"https:\/\/www.dtp.dev.saga-tahiti.com\/index.php\/wp-json\/wp\/v2\/types\/page"}],"author":[{"embeddable":true,"href":"https:\/\/www.dtp.dev.saga-tahiti.com\/index.php\/wp-json\/wp\/v2\/users\/1"}],"replies":[{"embeddable":true,"href":"https:\/\/www.dtp.dev.saga-tahiti.com\/index.php\/wp-json\/wp\/v2\/comments?post=5676"}],"version-history":[{"count":137,"href":"https:\/\/www.dtp.dev.saga-tahiti.com\/index.php\/wp-json\/wp\/v2\/pages\/5676\/revisions"}],"predecessor-version":[{"id":12806,"href":"https:\/\/www.dtp.dev.saga-tahiti.com\/index.php\/wp-json\/wp\/v2\/pages\/5676\/revisions\/12806"}],"wp:featuredmedia":[{"embeddable":true,"href":"https:\/\/www.dtp.dev.saga-tahiti.com\/index.php\/wp-json\/wp\/v2\/media\/9607"}],"wp:attachment":[{"href":"https:\/\/www.dtp.dev.saga-tahiti.com\/index.php\/wp-json\/wp\/v2\/media?parent=5676"}],"curies":[{"name":"wp","href":"https:\/\/api.w.org\/{rel}","templated":true}]}}