{"id":5444,"date":"2024-04-28T09:59:00","date_gmt":"2024-04-28T07:59:00","guid":{"rendered":"https:\/\/www.saga-tahiti.com\/?page_id=5444"},"modified":"2024-10-08T11:35:27","modified_gmt":"2024-10-08T09:35:27","slug":"je-fais-un-don","status":"publish","type":"page","link":"https:\/\/www.dtp.dev.saga-tahiti.com\/index.php\/je-fais-un-don\/","title":{"rendered":"Je fais un don"},"content":{"rendered":"\t\t<div data-elementor-type=\"wp-page\" data-elementor-id=\"5444\" class=\"elementor elementor-5444\">\n\t\t\t\t<div class=\"elementor-element elementor-element-c431fc7 e-con-full e-flex e-con e-parent\" data-id=\"c431fc7\" data-element_type=\"container\">\n\t\t\t\t<div class=\"elementor-element elementor-element-2b056b0 elementor-widget elementor-widget-spacer\" data-id=\"2b056b0\" data-element_type=\"widget\" data-widget_type=\"spacer.default\">\n\t\t\t\t<div class=\"elementor-widget-container\">\n\t\t\t\t\t\t\t<div class=\"elementor-spacer\">\n\t\t\t<div class=\"elementor-spacer-inner\"><\/div>\n\t\t<\/div>\n\t\t\t\t\t\t<\/div>\n\t\t\t\t<\/div>\n\t\t\t\t<div class=\"elementor-element elementor-element-c0c8baf elementor-widget elementor-widget-cleenhearts-main-slider\" data-id=\"c0c8baf\" data-element_type=\"widget\" data-widget_type=\"cleenhearts-main-slider.default\">\n\t\t\t\t<div class=\"elementor-widget-container\">\n\t\t\t\t\t\r\n    <section class=\"inspiring-one section-space\" style=\"background-image: url(https:\/\/bracketweb.com\/cleenheartswp\/wp-content\/uploads\/2023\/11\/inspiring-bg-1-1.png);\">\r\n        <div class=\"container\">\r\n            <div class=\"row gutter-y-50\">\r\n                <div class=\"col-xl-6\">\r\n                    <div class=\"sec-title\">\r\n                        <h6 class=\"sec-title__tagline @@extraClassName\">Je fais un don<\/h6><h3 class=\"sec-title__title\">Ensemble tout est p<span class=\"sec-title__title__inner\">ossible<\/span><\/h3>                    <\/div><!-- \/.sec-title -->\r\n\r\n                    <p class=\"inspiring-one__text\"><p>Je participe au financement partiel de la prise en charge d\u2019un enfant, afin de compl\u00e8ter les besoins de la SAGA.<\/p>\n\n<p>Le montant est libre.\n<\/p>\n\n<p>Il n\u2019y a en effet pas de petit don, il n\u2019y a que des gestes de g\u00e9n\u00e9rosit\u00e9.<\/p><\/p>                    <div class=\"inspiring-one__inner\">\r\n                                            <\/div><!-- \/.inspiring-one__inner -->\r\n                <\/div><!-- \/.col-xl-6 -->\r\n                <div class=\"col-xl-6\">\r\n                    <div class=\"inspiring-one__image\">\r\n                        <div class=\"inspiring-one__image__inner inspiring-one__image__inner--one wow fadeInRight\" data-wow-duration=\"1500ms\" data-wow-delay=\"00ms\">\r\n                            <img decoding=\"async\" src=\"https:\/\/www.dtp.dev.saga-tahiti.com\/wp-content\/uploads\/2024\/04\/sagadon-2.png\" alt=\"sagadon-2\" title=\"sagadon-2\" >                        <\/div><!-- \/.inspiring-one__image__one -->\r\n                        <div class=\"inspiring-one__image__inner inspiring-one__image__inner--two wow fadeInRight\" data-wow-duration=\"1500ms\" data-wow-delay=\"200ms\">\r\n                            <img decoding=\"async\" src=\"https:\/\/www.dtp.dev.saga-tahiti.com\/wp-content\/uploads\/2024\/04\/sagadon-1.png\" alt=\"sagadon-1\" title=\"sagadon-1\" >                        <\/div><!-- \/.inspiring-one__image__two -->\r\n                    <\/div><!-- \/.inspiring-one__image -->\r\n                <\/div><!-- \/.col-xl-6 -->\r\n            <\/div><!-- \/.row -->\r\n        <\/div><!-- \/.container -->\r\n        <div class=\"inspiring-one__shapes\">\r\n            <div class=\"inspiring-one__shape inspiring-one__shape--one\"><\/div><!-- \/.inspiring-one__shape__one -->\r\n            <div class=\"inspiring-one__shape inspiring-one__shape--two\"><\/div><!-- \/.inspiring-one__shape__one -->\r\n        <\/div><!-- \/.inspiring-one__shape -->\r\n    <\/section><!-- \/.inspiring-one-one section-space -->\r\n\r\n\r\n\t\t\t\t<\/div>\n\t\t\t\t<\/div>\n\t\t\t\t<div class=\"elementor-element elementor-element-de8dce4 elementor-widget elementor-widget-spacer\" data-id=\"de8dce4\" data-element_type=\"widget\" data-widget_type=\"spacer.default\">\n\t\t\t\t<div class=\"elementor-widget-container\">\n\t\t\t\t\t\t\t<div class=\"elementor-spacer\">\n\t\t\t<div class=\"elementor-spacer-inner\"><\/div>\n\t\t<\/div>\n\t\t\t\t\t\t<\/div>\n\t\t\t\t<\/div>\n\t\t\t\t<div class=\"elementor-element elementor-element-cdfb9be elementor-widget elementor-widget-html\" data-id=\"cdfb9be\" data-element_type=\"widget\" data-widget_type=\"html.default\">\n\t\t\t\t<div class=\"elementor-widget-container\">\n\t\t\t\t\t<div style=\"display: flex; align-items: center; justify-content: center;\">\r\n  <h6 class=\"sec-title__tagline @@extraClassName\" style=\"font-size: 24px;\">Un \u00e9norme merci pour eux !<\/h6>\r\n<\/div>\r\n\r\n\t\t\t\t<\/div>\n\t\t\t\t<\/div>\n\t\t\t\t<\/div>\n\t\t<div class=\"elementor-element elementor-element-be7c488 e-flex e-con-boxed e-con e-parent\" data-id=\"be7c488\" data-element_type=\"container\">\n\t\t\t\t\t<div class=\"e-con-inner\">\n\t\t\t\t<div class=\"elementor-element elementor-element-532faed elementor-widget elementor-widget-cleenhearts-video\" data-id=\"532faed\" data-element_type=\"widget\" data-widget_type=\"cleenhearts-video.default\">\n\t\t\t\t<div class=\"elementor-widget-container\">\n\t\t\t\t\t    <!-- Video Style One Start-->\r\n    <section class=\"video-one\">\r\n        <div class=\"video-one__bg cleenhearts-jarallax\" data-jarallax data-speed=\"0.3\" data-imgPosition=\"50% -100%\" style=\"background-image: url(https:\/\/www.saga-tahiti.com\/wp-content\/uploads\/2024\/04\/benevole_1.jpg);\"><\/div><!-- \/.video-one__bg -->\r\n        <div class=\"container\">\r\n            <h2 class=\"video-one__title\">Mauruuru<\/h2>                            <a href=\"https:\/\/www.youtube.com\/watch?v=R8ZRZQRNW4Q\" class=\"video-one__button video-button video-popup\">\r\n                    <span class=\"icon-play\"><\/span>\r\n                    <i class=\"video-button__ripple\"><\/i>\r\n                <\/a><!-- \/.video-one__button -->\r\n                    <\/div><!-- \/.container -->\r\n    <\/section><!-- \/.video-one -->\r\n    <!-- Video Style One End -->\r\n\t\t\t\t<\/div>\n\t\t\t\t<\/div>\n\t\t\t\t\t<\/div>\n\t\t\t\t<\/div>\n\t\t<div class=\"elementor-element elementor-element-63e2ef7 e-con-full e-flex e-con e-parent\" data-id=\"63e2ef7\" data-element_type=\"container\">\n\t\t\t\t<div class=\"elementor-element elementor-element-50a7672 elementor-widget elementor-widget-spacer\" data-id=\"50a7672\" data-element_type=\"widget\" data-widget_type=\"spacer.default\">\n\t\t\t\t<div class=\"elementor-widget-container\">\n\t\t\t\t\t\t\t<div class=\"elementor-spacer\">\n\t\t\t<div class=\"elementor-spacer-inner\"><\/div>\n\t\t<\/div>\n\t\t\t\t\t\t<\/div>\n\t\t\t\t<\/div>\n\t\t\t\t<\/div>\n\t\t<div class=\"elementor-element elementor-element-67de543 e-flex e-con-boxed e-con e-parent\" data-id=\"67de543\" data-element_type=\"container\">\n\t\t\t\t\t<div class=\"e-con-inner\">\n\t\t<div class=\"elementor-element elementor-element-fb54ab3 e-flex e-con-boxed e-con e-child\" data-id=\"fb54ab3\" data-element_type=\"container\">\n\t\t\t\t\t<div class=\"e-con-inner\">\n\t\t\t\t<div class=\"elementor-element elementor-element-324fe9a elementor-widget elementor-widget-text-editor\" data-id=\"324fe9a\" data-element_type=\"widget\" data-widget_type=\"text-editor.default\">\n\t\t\t\t<div class=\"elementor-widget-container\">\n\t\t\t\t\t\t\t\t\t<p style=\"text-align: center; font-size: 20px; margin-bottom: 20px; font-weight: bold;\">Faire un don par virement \ud83d\udd01<\/p>\n\n<pre style=\"border: 1px solid #000; font-family: 'Courier New', Courier, monospace; padding: 10px; margin: auto; display: block; max-width: 800px; white-space: pre-wrap;\">\n<strong>BANQUE DE TAHITI: Ecole de voile d'Arue - Saga<\/strong>\nCode banque: 12239 | Code guichet: 00007 | N\u00b0 compte: 80035501000 | Cl\u00e9 RIB: 12 | IBAN: FR76 1223 9000 0780 0355 0100 012 | BIC: CEPAPFTPXXX\n<\/pre>\n\t\t\t\t\t\t\t\t<\/div>\n\t\t\t\t<\/div>\n\t\t\t\t\t<\/div>\n\t\t\t\t<\/div>\n\t\t\t\t\t<\/div>\n\t\t\t\t<\/div>\n\t\t<div class=\"elementor-element elementor-element-298736f e-flex e-con-boxed e-con e-parent\" data-id=\"298736f\" data-element_type=\"container\">\n\t\t\t\t\t<div class=\"e-con-inner\">\n\t\t\t\t<div class=\"elementor-element elementor-element-9c30271 elementor-widget-divider--view-line elementor-widget elementor-widget-divider\" data-id=\"9c30271\" data-element_type=\"widget\" data-widget_type=\"divider.default\">\n\t\t\t\t<div class=\"elementor-widget-container\">\n\t\t\t\t\t\t\t<div class=\"elementor-divider\">\n\t\t\t<span class=\"elementor-divider-separator\">\n\t\t\t\t\t\t<\/span>\n\t\t<\/div>\n\t\t\t\t\t\t<\/div>\n\t\t\t\t<\/div>\n\t\t\t\t\t<\/div>\n\t\t\t\t<\/div>\n\t\t<div class=\"elementor-element elementor-element-fb4abb2 e-flex e-con-boxed e-con e-parent\" data-id=\"fb4abb2\" data-element_type=\"container\">\n\t\t\t\t\t<div class=\"e-con-inner\">\n\t\t<div class=\"elementor-element elementor-element-84a7831 e-flex e-con-boxed e-con e-child\" data-id=\"84a7831\" data-element_type=\"container\">\n\t\t\t\t\t<div class=\"e-con-inner\">\n\t\t\t\t<div class=\"elementor-element elementor-element-b3d2199 elementor-widget elementor-widget-text-editor\" data-id=\"b3d2199\" data-element_type=\"widget\" data-widget_type=\"text-editor.default\">\n\t\t\t\t<div class=\"elementor-widget-container\">\n\t\t\t\t\t\t\t\t\t<p style=\"text-align: center; font-size: 20px; margin-bottom: 1em; font-weight: bold;\">Faire un don par ch\u00e8que \u2709\ufe0f<\/p><div style=\"margin-bottom: 1em; display: block;\"><div style=\"border: 1px solid #000; padding: 1em; margin-bottom: 1em;\"><strong>\u00c0 l&rsquo;ordre de :<\/strong><br \/>Ecole de voile d&rsquo;Arue (Saga)<\/div><div style=\"border: 1px solid #000; padding: 1em;\">Votre don par ch\u00e8que est \u00e0 envoyer \u00e0 l&rsquo;adresse suivante :<br \/>Ecole de voile d\u2019Arue \u2013 BP14235 \u2013 98701 Arue \u2013 Tahiti \u2013<br \/>Polyn\u00e9sie fran\u00e7aise<\/div><\/div>\t\t\t\t\t\t\t\t<\/div>\n\t\t\t\t<\/div>\n\t\t\t\t<div class=\"elementor-element elementor-element-46f0775 elementor-widget-divider--view-line elementor-widget elementor-widget-divider\" data-id=\"46f0775\" data-element_type=\"widget\" data-widget_type=\"divider.default\">\n\t\t\t\t<div class=\"elementor-widget-container\">\n\t\t\t\t\t\t\t<div class=\"elementor-divider\">\n\t\t\t<span class=\"elementor-divider-separator\">\n\t\t\t\t\t\t<\/span>\n\t\t<\/div>\n\t\t\t\t\t\t<\/div>\n\t\t\t\t<\/div>\n\t\t\t\t\t<\/div>\n\t\t\t\t<\/div>\n\t\t\t\t\t<\/div>\n\t\t\t\t<\/div>\n\t\t<div class=\"elementor-element elementor-element-96261c0 e-flex e-con-boxed e-con e-parent\" data-id=\"96261c0\" data-element_type=\"container\">\n\t\t\t\t\t<div class=\"e-con-inner\">\n\t\t\t\t<div class=\"elementor-element elementor-element-6ca629c elementor-widget elementor-widget-text-editor\" data-id=\"6ca629c\" data-element_type=\"widget\" data-widget_type=\"text-editor.default\">\n\t\t\t\t<div class=\"elementor-widget-container\">\n\t\t\t\t\t\t\t\t\t<p style=\"text-align: center; font-size: 20px; margin-bottom: 20px; font-weight: bold;\">Faire un don par carte bancaire \ud83d\udcb3<\/p><p><img fetchpriority=\"high\" decoding=\"async\" class=\"size-full wp-image-9432 aligncenter\" src=\"https:\/\/www.saga-tahiti.com\/wp-content\/uploads\/2024\/06\/paiementenline.png\" alt=\"\" width=\"266\" height=\"190\" \/><\/p>\t\t\t\t\t\t\t\t<\/div>\n\t\t\t\t<\/div>\n\t\t\t\t\t<\/div>\n\t\t\t\t<\/div>\n\t\t<div class=\"elementor-element elementor-element-e556376 e-flex e-con-boxed e-con e-parent\" data-id=\"e556376\" data-element_type=\"container\">\n\t\t\t\t\t<div class=\"e-con-inner\">\n\t\t\t\t<div class=\"elementor-element elementor-element-e8902d5 elementor-widget elementor-widget-html\" data-id=\"e8902d5\" data-element_type=\"widget\" data-widget_type=\"html.default\">\n\t\t\t\t<div class=\"elementor-widget-container\">\n\t\t\t\t\t<div style=\"display: flex; justify-content: center; align-items: center;\">\r\n    <a href=\"https:\/\/portal.osb.pf\/easy-pay\/la-saga\/ma-facture.html\" class=\"cleenhearts-btn cleenhearts-btn--border\">\r\n        <div class=\"cleenhearts-btn__icon-box\">\r\n            <div class=\"cleenhearts-btn__icon-box__inner\">\r\n                <span class=\"icon-duble-arrow\"><\/span>\r\n            <\/div>\r\n        <\/div>\r\n        <span class=\"cleenhearts-btn__text\">je fais un don<\/span>\r\n    <\/a>\r\n<\/div>\r\n\t\t\t\t<\/div>\n\t\t\t\t<\/div>\n\t\t\t\t\t<\/div>\n\t\t\t\t<\/div>\n\t\t<div class=\"elementor-element elementor-element-0abe169 e-flex e-con-boxed e-con e-parent\" data-id=\"0abe169\" data-element_type=\"container\">\n\t\t\t\t\t<div class=\"e-con-inner\">\n\t\t\t\t<div class=\"elementor-element elementor-element-2d6f3bc elementor-widget-divider--view-line elementor-widget elementor-widget-divider\" data-id=\"2d6f3bc\" data-element_type=\"widget\" data-widget_type=\"divider.default\">\n\t\t\t\t<div class=\"elementor-widget-container\">\n\t\t\t\t\t\t\t<div class=\"elementor-divider\">\n\t\t\t<span class=\"elementor-divider-separator\">\n\t\t\t\t\t\t<\/span>\n\t\t<\/div>\n\t\t\t\t\t\t<\/div>\n\t\t\t\t<\/div>\n\t\t\t\t\t<\/div>\n\t\t\t\t<\/div>\n\t\t<div class=\"elementor-element elementor-element-cea3ba6 e-flex e-con-boxed e-con e-parent\" data-id=\"cea3ba6\" data-element_type=\"container\">\n\t\t\t\t\t<div class=\"e-con-inner\">\n\t\t<div class=\"elementor-element elementor-element-4137994 e-flex e-con-boxed e-con e-child\" data-id=\"4137994\" data-element_type=\"container\">\n\t\t\t\t\t<div class=\"e-con-inner\">\n\t\t\t\t\t<\/div>\n\t\t\t\t<\/div>\n\t\t\t\t\t<\/div>\n\t\t\t\t<\/div>\n\t\t\t\t<\/div>\n\t\t","protected":false},"excerpt":{"rendered":"<p>Je fais un don Ensemble tout est possible Je participe au financement partiel de la prise en charge d\u2019un enfant, afin de compl\u00e8ter les besoins de la SAGA. Le montant est libre. Il n\u2019y a en effet pas de petit don, il n\u2019y a que des gestes de g\u00e9n\u00e9rosit\u00e9. Un \u00e9norme merci pour eux ! [&hellip;]<\/p>\n","protected":false},"author":1,"featured_media":9660,"parent":0,"menu_order":0,"comment_status":"closed","ping_status":"closed","template":"elementor_header_footer","meta":{"give_campaign_id":0,"footnotes":""},"class_list":["post-5444","page","type-page","status-publish","has-post-thumbnail","hentry"],"yoast_head":"<!-- This site is optimized with the Yoast SEO plugin v26.8 - https:\/\/yoast.com\/product\/yoast-seo-wordpress\/ -->\n<title>Je fais un don - Saga Tahiti<\/title>\n<meta name=\"description\" content=\"Soutenez Saga Tahiti en faisant un don. Chaque contribution aide \u00e0 offrir des activit\u00e9s nautiques et \u00e9ducatives aux jeunes d\u00e9favoris\u00e9s en Polyn\u00e9sie fran\u00e7aise. Participez \u00e0 notre mission de transformation sociale.\" \/>\n<meta name=\"robots\" content=\"index, follow, max-snippet:-1, max-image-preview:large, max-video-preview:-1\" \/>\n<link rel=\"canonical\" href=\"https:\/\/www.dtp.dev.saga-tahiti.com\/index.php\/je-fais-un-don\/\" \/>\n<meta property=\"og:locale\" content=\"fr_FR\" \/>\n<meta property=\"og:type\" content=\"article\" \/>\n<meta property=\"og:title\" content=\"Je fais un don - Saga Tahiti\" \/>\n<meta property=\"og:description\" content=\"Soutenez Saga Tahiti en faisant un don. Chaque contribution aide \u00e0 offrir des activit\u00e9s nautiques et \u00e9ducatives aux jeunes d\u00e9favoris\u00e9s en Polyn\u00e9sie fran\u00e7aise. Participez \u00e0 notre mission de transformation sociale.\" \/>\n<meta property=\"og:url\" content=\"https:\/\/www.dtp.dev.saga-tahiti.com\/index.php\/je-fais-un-don\/\" \/>\n<meta property=\"og:site_name\" content=\"Saga Tahiti\" \/>\n<meta property=\"article:modified_time\" content=\"2024-10-08T09:35:27+00:00\" \/>\n<meta property=\"og:image\" content=\"https:\/\/www.dtp.dev.saga-tahiti.com\/wp-content\/uploads\/2024\/10\/sagadon-2.png\" \/>\n\t<meta property=\"og:image:width\" content=\"270\" \/>\n\t<meta property=\"og:image:height\" content=\"558\" \/>\n\t<meta property=\"og:image:type\" content=\"image\/png\" \/>\n<meta name=\"twitter:card\" content=\"summary_large_image\" \/>\n<meta name=\"twitter:label1\" content=\"Dur\u00e9e de lecture estim\u00e9e\" \/>\n\t<meta name=\"twitter:data1\" content=\"2 minutes\" \/>\n<script type=\"application\/ld+json\" class=\"yoast-schema-graph\">{\"@context\":\"https:\/\/schema.org\",\"@graph\":[{\"@type\":\"WebPage\",\"@id\":\"https:\/\/www.dtp.dev.saga-tahiti.com\/index.php\/je-fais-un-don\/\",\"url\":\"https:\/\/www.dtp.dev.saga-tahiti.com\/index.php\/je-fais-un-don\/\",\"name\":\"Je fais un don - Saga Tahiti\",\"isPartOf\":{\"@id\":\"https:\/\/www.dtp.dev.saga-tahiti.com\/#website\"},\"primaryImageOfPage\":{\"@id\":\"https:\/\/www.dtp.dev.saga-tahiti.com\/index.php\/je-fais-un-don\/#primaryimage\"},\"image\":{\"@id\":\"https:\/\/www.dtp.dev.saga-tahiti.com\/index.php\/je-fais-un-don\/#primaryimage\"},\"thumbnailUrl\":\"https:\/\/www.dtp.dev.saga-tahiti.com\/wp-content\/uploads\/2024\/10\/sagadon-2.png\",\"datePublished\":\"2024-04-28T07:59:00+00:00\",\"dateModified\":\"2024-10-08T09:35:27+00:00\",\"description\":\"Soutenez Saga Tahiti en faisant un don. Chaque contribution aide \u00e0 offrir des activit\u00e9s nautiques et \u00e9ducatives aux jeunes d\u00e9favoris\u00e9s en Polyn\u00e9sie fran\u00e7aise. Participez \u00e0 notre mission de transformation sociale.\",\"breadcrumb\":{\"@id\":\"https:\/\/www.dtp.dev.saga-tahiti.com\/index.php\/je-fais-un-don\/#breadcrumb\"},\"inLanguage\":\"fr-FR\",\"potentialAction\":[{\"@type\":\"ReadAction\",\"target\":[\"https:\/\/www.dtp.dev.saga-tahiti.com\/index.php\/je-fais-un-don\/\"]}]},{\"@type\":\"ImageObject\",\"inLanguage\":\"fr-FR\",\"@id\":\"https:\/\/www.dtp.dev.saga-tahiti.com\/index.php\/je-fais-un-don\/#primaryimage\",\"url\":\"https:\/\/www.dtp.dev.saga-tahiti.com\/wp-content\/uploads\/2024\/10\/sagadon-2.png\",\"contentUrl\":\"https:\/\/www.dtp.dev.saga-tahiti.com\/wp-content\/uploads\/2024\/10\/sagadon-2.png\",\"width\":270,\"height\":558},{\"@type\":\"BreadcrumbList\",\"@id\":\"https:\/\/www.dtp.dev.saga-tahiti.com\/index.php\/je-fais-un-don\/#breadcrumb\",\"itemListElement\":[{\"@type\":\"ListItem\",\"position\":1,\"name\":\"Accueil\",\"item\":\"https:\/\/www.dtp.dev.saga-tahiti.com\/\"},{\"@type\":\"ListItem\",\"position\":2,\"name\":\"Je fais un don\"}]},{\"@type\":\"WebSite\",\"@id\":\"https:\/\/www.dtp.dev.saga-tahiti.com\/#website\",\"url\":\"https:\/\/www.dtp.dev.saga-tahiti.com\/\",\"name\":\"Saga Tahiti\",\"description\":\"Aidez-nous \u00e0 poursuivre cette cause\",\"publisher\":{\"@id\":\"https:\/\/www.dtp.dev.saga-tahiti.com\/#organization\"},\"potentialAction\":[{\"@type\":\"SearchAction\",\"target\":{\"@type\":\"EntryPoint\",\"urlTemplate\":\"https:\/\/www.dtp.dev.saga-tahiti.com\/?s={search_term_string}\"},\"query-input\":{\"@type\":\"PropertyValueSpecification\",\"valueRequired\":true,\"valueName\":\"search_term_string\"}}],\"inLanguage\":\"fr-FR\"},{\"@type\":\"Organization\",\"@id\":\"https:\/\/www.dtp.dev.saga-tahiti.com\/#organization\",\"name\":\"Saga Tahiti\",\"url\":\"https:\/\/www.dtp.dev.saga-tahiti.com\/\",\"logo\":{\"@type\":\"ImageObject\",\"inLanguage\":\"fr-FR\",\"@id\":\"https:\/\/www.dtp.dev.saga-tahiti.com\/#\/schema\/logo\/image\/\",\"url\":\"https:\/\/www.dtp.dev.saga-tahiti.com\/wp-content\/uploads\/2024\/10\/cropped-cropped-logo250x250-1-1.png\",\"contentUrl\":\"https:\/\/www.dtp.dev.saga-tahiti.com\/wp-content\/uploads\/2024\/10\/cropped-cropped-logo250x250-1-1.png\",\"width\":250,\"height\":250,\"caption\":\"Saga Tahiti\"},\"image\":{\"@id\":\"https:\/\/www.dtp.dev.saga-tahiti.com\/#\/schema\/logo\/image\/\"}}]}<\/script>\n<!-- \/ Yoast SEO plugin. -->","yoast_head_json":{"title":"Je fais un don - Saga Tahiti","description":"Soutenez Saga Tahiti en faisant un don. Chaque contribution aide \u00e0 offrir des activit\u00e9s nautiques et \u00e9ducatives aux jeunes d\u00e9favoris\u00e9s en Polyn\u00e9sie fran\u00e7aise. Participez \u00e0 notre mission de transformation sociale.","robots":{"index":"index","follow":"follow","max-snippet":"max-snippet:-1","max-image-preview":"max-image-preview:large","max-video-preview":"max-video-preview:-1"},"canonical":"https:\/\/www.dtp.dev.saga-tahiti.com\/index.php\/je-fais-un-don\/","og_locale":"fr_FR","og_type":"article","og_title":"Je fais un don - Saga Tahiti","og_description":"Soutenez Saga Tahiti en faisant un don. Chaque contribution aide \u00e0 offrir des activit\u00e9s nautiques et \u00e9ducatives aux jeunes d\u00e9favoris\u00e9s en Polyn\u00e9sie fran\u00e7aise. Participez \u00e0 notre mission de transformation sociale.","og_url":"https:\/\/www.dtp.dev.saga-tahiti.com\/index.php\/je-fais-un-don\/","og_site_name":"Saga Tahiti","article_modified_time":"2024-10-08T09:35:27+00:00","og_image":[{"width":270,"height":558,"url":"https:\/\/www.dtp.dev.saga-tahiti.com\/wp-content\/uploads\/2024\/10\/sagadon-2.png","type":"image\/png"}],"twitter_card":"summary_large_image","twitter_misc":{"Dur\u00e9e de lecture estim\u00e9e":"2 minutes"},"schema":{"@context":"https:\/\/schema.org","@graph":[{"@type":"WebPage","@id":"https:\/\/www.dtp.dev.saga-tahiti.com\/index.php\/je-fais-un-don\/","url":"https:\/\/www.dtp.dev.saga-tahiti.com\/index.php\/je-fais-un-don\/","name":"Je fais un don - Saga Tahiti","isPartOf":{"@id":"https:\/\/www.dtp.dev.saga-tahiti.com\/#website"},"primaryImageOfPage":{"@id":"https:\/\/www.dtp.dev.saga-tahiti.com\/index.php\/je-fais-un-don\/#primaryimage"},"image":{"@id":"https:\/\/www.dtp.dev.saga-tahiti.com\/index.php\/je-fais-un-don\/#primaryimage"},"thumbnailUrl":"https:\/\/www.dtp.dev.saga-tahiti.com\/wp-content\/uploads\/2024\/10\/sagadon-2.png","datePublished":"2024-04-28T07:59:00+00:00","dateModified":"2024-10-08T09:35:27+00:00","description":"Soutenez Saga Tahiti en faisant un don. Chaque contribution aide \u00e0 offrir des activit\u00e9s nautiques et \u00e9ducatives aux jeunes d\u00e9favoris\u00e9s en Polyn\u00e9sie fran\u00e7aise. Participez \u00e0 notre mission de transformation sociale.","breadcrumb":{"@id":"https:\/\/www.dtp.dev.saga-tahiti.com\/index.php\/je-fais-un-don\/#breadcrumb"},"inLanguage":"fr-FR","potentialAction":[{"@type":"ReadAction","target":["https:\/\/www.dtp.dev.saga-tahiti.com\/index.php\/je-fais-un-don\/"]}]},{"@type":"ImageObject","inLanguage":"fr-FR","@id":"https:\/\/www.dtp.dev.saga-tahiti.com\/index.php\/je-fais-un-don\/#primaryimage","url":"https:\/\/www.dtp.dev.saga-tahiti.com\/wp-content\/uploads\/2024\/10\/sagadon-2.png","contentUrl":"https:\/\/www.dtp.dev.saga-tahiti.com\/wp-content\/uploads\/2024\/10\/sagadon-2.png","width":270,"height":558},{"@type":"BreadcrumbList","@id":"https:\/\/www.dtp.dev.saga-tahiti.com\/index.php\/je-fais-un-don\/#breadcrumb","itemListElement":[{"@type":"ListItem","position":1,"name":"Accueil","item":"https:\/\/www.dtp.dev.saga-tahiti.com\/"},{"@type":"ListItem","position":2,"name":"Je fais un don"}]},{"@type":"WebSite","@id":"https:\/\/www.dtp.dev.saga-tahiti.com\/#website","url":"https:\/\/www.dtp.dev.saga-tahiti.com\/","name":"Saga Tahiti","description":"Aidez-nous \u00e0 poursuivre cette cause","publisher":{"@id":"https:\/\/www.dtp.dev.saga-tahiti.com\/#organization"},"potentialAction":[{"@type":"SearchAction","target":{"@type":"EntryPoint","urlTemplate":"https:\/\/www.dtp.dev.saga-tahiti.com\/?s={search_term_string}"},"query-input":{"@type":"PropertyValueSpecification","valueRequired":true,"valueName":"search_term_string"}}],"inLanguage":"fr-FR"},{"@type":"Organization","@id":"https:\/\/www.dtp.dev.saga-tahiti.com\/#organization","name":"Saga Tahiti","url":"https:\/\/www.dtp.dev.saga-tahiti.com\/","logo":{"@type":"ImageObject","inLanguage":"fr-FR","@id":"https:\/\/www.dtp.dev.saga-tahiti.com\/#\/schema\/logo\/image\/","url":"https:\/\/www.dtp.dev.saga-tahiti.com\/wp-content\/uploads\/2024\/10\/cropped-cropped-logo250x250-1-1.png","contentUrl":"https:\/\/www.dtp.dev.saga-tahiti.com\/wp-content\/uploads\/2024\/10\/cropped-cropped-logo250x250-1-1.png","width":250,"height":250,"caption":"Saga Tahiti"},"image":{"@id":"https:\/\/www.dtp.dev.saga-tahiti.com\/#\/schema\/logo\/image\/"}}]}},"campaignId":"","_links":{"self":[{"href":"https:\/\/www.dtp.dev.saga-tahiti.com\/index.php\/wp-json\/wp\/v2\/pages\/5444","targetHints":{"allow":["GET"]}}],"collection":[{"href":"https:\/\/www.dtp.dev.saga-tahiti.com\/index.php\/wp-json\/wp\/v2\/pages"}],"about":[{"href":"https:\/\/www.dtp.dev.saga-tahiti.com\/index.php\/wp-json\/wp\/v2\/types\/page"}],"author":[{"embeddable":true,"href":"https:\/\/www.dtp.dev.saga-tahiti.com\/index.php\/wp-json\/wp\/v2\/users\/1"}],"replies":[{"embeddable":true,"href":"https:\/\/www.dtp.dev.saga-tahiti.com\/index.php\/wp-json\/wp\/v2\/comments?post=5444"}],"version-history":[{"count":55,"href":"https:\/\/www.dtp.dev.saga-tahiti.com\/index.php\/wp-json\/wp\/v2\/pages\/5444\/revisions"}],"predecessor-version":[{"id":9663,"href":"https:\/\/www.dtp.dev.saga-tahiti.com\/index.php\/wp-json\/wp\/v2\/pages\/5444\/revisions\/9663"}],"wp:featuredmedia":[{"embeddable":true,"href":"https:\/\/www.dtp.dev.saga-tahiti.com\/index.php\/wp-json\/wp\/v2\/media\/9660"}],"wp:attachment":[{"href":"https:\/\/www.dtp.dev.saga-tahiti.com\/index.php\/wp-json\/wp\/v2\/media?parent=5444"}],"curies":[{"name":"wp","href":"https:\/\/api.w.org\/{rel}","templated":true}]}}