{"id":405,"date":"2023-11-15T07:19:51","date_gmt":"2023-11-15T07:19:51","guid":{"rendered":"http:\/\/cleenhearts-demo.local\/?page_id=405"},"modified":"2024-10-07T13:44:51","modified_gmt":"2024-10-07T11:44:51","slug":"contact","status":"publish","type":"page","link":"https:\/\/www.dtp.dev.saga-tahiti.com\/index.php\/contact\/","title":{"rendered":"Contact"},"content":{"rendered":"\t\t<div data-elementor-type=\"wp-page\" data-elementor-id=\"405\" class=\"elementor elementor-405\">\n\t\t\t\t<div class=\"elementor-element elementor-element-f13a45f e-con-full e-flex e-con e-parent\" data-id=\"f13a45f\" data-element_type=\"container\">\n\t\t<div class=\"elementor-element elementor-element-cfb3372 e-flex e-con-boxed e-con e-child\" data-id=\"cfb3372\" data-element_type=\"container\">\n\t\t\t\t\t<div class=\"e-con-inner\">\n\t\t\t\t<div class=\"elementor-element elementor-element-3f680be elementor-widget elementor-widget-spacer\" data-id=\"3f680be\" data-element_type=\"widget\" data-widget_type=\"spacer.default\">\n\t\t\t\t<div class=\"elementor-widget-container\">\n\t\t\t\t\t\t\t<div class=\"elementor-spacer\">\n\t\t\t<div class=\"elementor-spacer-inner\"><\/div>\n\t\t<\/div>\n\t\t\t\t\t\t<\/div>\n\t\t\t\t<\/div>\n\t\t\t\t<div class=\"elementor-element elementor-element-ac2f392 elementor-widget elementor-widget-html\" data-id=\"ac2f392\" data-element_type=\"widget\" data-widget_type=\"html.default\">\n\t\t\t\t<div class=\"elementor-widget-container\">\n\t\t\t\t\t<div style=\"display: flex; align-items: center; justify-content: center;\">\r\n  <h6 class=\"sec-title__tagline @@extraClassName\" style=\"font-size: 24px;\">Contactez-nous<\/h6>\r\n<\/div>\r\n\r\n\t\t\t\t<\/div>\n\t\t\t\t<\/div>\n\t\t\t\t\t<\/div>\n\t\t\t\t<\/div>\n\t\t\t\t<div class=\"elementor-element elementor-element-15af1f7 elementor-widget elementor-widget-cleenhearts-contact-form\" data-id=\"15af1f7\" data-element_type=\"widget\" data-widget_type=\"cleenhearts-contact-form.default\">\n\t\t\t\t<div class=\"elementor-widget-container\">\n\t\t\t\t\t\r\n\t<section class=\"contact-one section-space @@extraClassName\">\r\n\t\t<div class=\"container\">\r\n\t\t\t<div class=\"row gutter-y-30\">\r\n\t\t\t\t<div class=\"col-lg-6 wow fadeInUp\" data-wow-duration=\"1500ms\" data-wow-delay=\"00ms\">\r\n\t\t\t\t\t<div class=\"contact-one__map\">\r\n\r\n\t\t\t\t\t\t<div class=\"google-map contact-one__google__map\">\r\n\t\t\t\t\t\t\t<iframe title=\"Ecole de voile de Arue\" src=\"https:\/\/maps.google.com\/maps?q=Ecole%20de%20voile%20de%20Arue&#038;t=m&#038;z=13&#038;output=embed&#038;iwloc=near\" aria-label=\"Ecole de voile de Arue\" class=\"map__contact-one__google__map\" allowfullscreen><\/iframe>\r\n\t\t\t\t\t\t<\/div>\r\n\r\n\t\t\t\t\t\t<!-- \/.google-map -->\r\n\t\t\t\t\t\t<div class=\"contact-one__info\">\r\n\t\t\t\t\t\t\t\t\t\t\t\t\t\t\t<div class=\"contact-one__info__item\">\r\n\t\t\t\t\t\t\t\t\t<div class=\"contact-one__info__icon\">\r\n\t\t\t\t\t\t\t\t\t\t<span aria-hidden=\"true\" class=\" icon-location\"><\/span>\t\t\t\t\t\t\t\t\t<\/div><!-- \/.contact-one__info__icon -->\r\n\t\t\t\t\t\t\t\t\t<div class=\"contact-one__info__content\">\r\n\t\t\t\t\t\t\t\t\t\t<h4 class=\"contact-one__info__title\">Localisation<\/h4>\r\n\t\t\t\t\t\t\t\t\t\tTAHITI 98701 Arue, \u00celes du Vent, Polyn\u00e9sie fran\u00e7aise\t\t\t\t\t\t\t\t\t<\/div><!-- \/.contact-one__info__content -->\r\n\t\t\t\t\t\t\t\t<\/div><!-- \/.contact-one__info__item -->\r\n\t\t\t\t\t\t\t\t\t\t\t\t\t\t\t<div class=\"contact-one__info__item\">\r\n\t\t\t\t\t\t\t\t\t<div class=\"contact-one__info__icon\">\r\n\t\t\t\t\t\t\t\t\t\t<span aria-hidden=\"true\" class=\" icon-phone\"><\/span>\t\t\t\t\t\t\t\t\t<\/div><!-- \/.contact-one__info__icon -->\r\n\t\t\t\t\t\t\t\t\t<div class=\"contact-one__info__content\">\r\n\t\t\t\t\t\t\t\t\t\t<h4 class=\"contact-one__info__title\">T\u00e9l\u00e9phone<\/h4>\r\n\t\t\t\t\t\t\t\t\t\t<a href=\"tel:+68940422354\" class=\"contact-one__info__text contact-one__info__text--link\">+689 40 42 23 54<\/a>\t\t\t\t\t\t\t\t\t<\/div><!-- \/.contact-one__info__content -->\r\n\t\t\t\t\t\t\t\t<\/div><!-- \/.contact-one__info__item -->\r\n\t\t\t\t\t\t\t\t\t\t\t\t\t\t\t<div class=\"contact-one__info__item\">\r\n\t\t\t\t\t\t\t\t\t<div class=\"contact-one__info__icon\">\r\n\t\t\t\t\t\t\t\t\t\t<span aria-hidden=\"true\" class=\"fas fa-envelope\"><\/span>\t\t\t\t\t\t\t\t\t<\/div><!-- \/.contact-one__info__icon -->\r\n\t\t\t\t\t\t\t\t\t<div class=\"contact-one__info__content\">\r\n\t\t\t\t\t\t\t\t\t\t<h4 class=\"contact-one__info__title\">support email<\/h4>\r\n\t\t\t\t\t\t\t\t\t\t<a href=\"mailto:sagatahiti@gmail.com\" class=\"contact-one__info__text contact-one__info__text--link\">sagatahiti@gmail.com<\/a>\t\t\t\t\t\t\t\t\t<\/div><!-- \/.contact-one__info__content -->\r\n\t\t\t\t\t\t\t\t<\/div><!-- \/.contact-one__info__item -->\r\n\t\t\t\t\t\t\t\t\t\t\t\t\t<\/div><!-- \/.contact-one__info -->\r\n\t\t\t\t\t<\/div><!-- \/.contact-one__map -->\r\n\t\t\t\t<\/div><!-- \/.col-lg-6 -->\r\n\t\t\t\t<div class=\"col-lg-6 wow fadeInUp\" data-wow-duration=\"1500ms\" data-wow-delay=\"200ms\">\r\n\t\t\t\t\t<div class=\"contact-one__form\">\r\n\t\t\t\t\t\t<div class=\"contact-one__form__bg\" style=\"background-image: url(https:\/\/bracketweb.com\/cleenheartswp\/wp-content\/uploads\/2023\/11\/contact-bg-1-1.png);\"><\/div><!-- \/.contact-one__form__bg -->\r\n\t\t\t\t\t\t<h2 class=\"contact-one__title\">laissez-nous un message<\/h2>\t\t\t\t\t\t<div class=\"contact-one__form__inner contact-form-validated form-one wow fadeInUp\" data-wow-duration=\"1500ms\">\r\n\t\t\t\t\t\t\t<div class=\"wpcf7 no-js\" id=\"wpcf7-f6091-o1\" lang=\"en-US\" dir=\"ltr\" data-wpcf7-id=\"6091\">\n<div class=\"screen-reader-response\"><p role=\"status\" aria-live=\"polite\" aria-atomic=\"true\"><\/p> <ul><\/ul><\/div>\n<form action=\"\/index.php\/wp-json\/wp\/v2\/pages\/405#wpcf7-f6091-o1\" method=\"post\" class=\"wpcf7-form init\" aria-label=\"Contact form\" novalidate=\"novalidate\" data-status=\"init\">\n<fieldset class=\"hidden-fields-container\"><input type=\"hidden\" name=\"_wpcf7\" value=\"6091\" \/><input type=\"hidden\" name=\"_wpcf7_version\" value=\"6.1.4\" \/><input type=\"hidden\" name=\"_wpcf7_locale\" value=\"en_US\" \/><input type=\"hidden\" name=\"_wpcf7_unit_tag\" value=\"wpcf7-f6091-o1\" \/><input type=\"hidden\" name=\"_wpcf7_container_post\" value=\"0\" \/><input type=\"hidden\" name=\"_wpcf7_posted_data_hash\" value=\"\" \/>\n<\/fieldset>\n<div class=\"row gutter-y-20\">\n    <div class=\"col-12\">\n        <div class=\"form-one__control\">\n            <span class=\"wpcf7-form-control-wrap\" data-name=\"text-685\"><input size=\"40\" maxlength=\"400\" class=\"wpcf7-form-control wpcf7-text wpcf7-validates-as-required form-one__control__input\" id=\"name\" aria-required=\"true\" aria-invalid=\"false\" placeholder=\"entrez votre nom\" value=\"\" type=\"text\" name=\"text-685\" \/><\/span>\n        <\/div><!-- \/.form-one__control -->\n    <\/div><!-- \/.col-12 -->\n<div class=\"col-12\">\n        <div class=\"form-one__control\">\n            <span class=\"wpcf7-form-control-wrap\" data-name=\"text-firstname\"><input size=\"40\" maxlength=\"400\" class=\"wpcf7-form-control wpcf7-text wpcf7-validates-as-required form-one__control__input\" id=\"firstname\" aria-required=\"true\" aria-invalid=\"false\" placeholder=\"entrez votre pr\u00e9nom\" value=\"\" type=\"text\" name=\"text-firstname\" \/><\/span>\n        <\/div><!-- \/.form-one__control -->\n    <\/div><!-- \/.col-12 -->\n<div class=\"col-12\">\n        <div class=\"form-one__control\">\n            <span class=\"wpcf7-form-control-wrap\" data-name=\"text-686\"><input size=\"40\" maxlength=\"400\" class=\"wpcf7-form-control wpcf7-text wpcf7-validates-as-required form-one__control__input\" id=\"youremail\" aria-required=\"true\" aria-invalid=\"false\" placeholder=\"adresse e-mail\" value=\"\" type=\"text\" name=\"text-686\" \/><\/span>\n        <\/div><!-- \/.form-one__control -->\n    <\/div><!-- \/.col-12 -->\n    <div class=\"col-12\">\n        <div class=\"form-one__control\">\n            <span class=\"wpcf7-form-control-wrap\" data-name=\"text-sujet\"><input size=\"40\" maxlength=\"400\" class=\"wpcf7-form-control wpcf7-text wpcf7-validates-as-required form-one__control__input\" id=\"sujet\" aria-required=\"true\" aria-invalid=\"false\" placeholder=\"sujet\" value=\"\" type=\"text\" name=\"text-sujet\" \/><\/span>\n        <\/div><!-- \/.form-one__control -->\n    <\/div><!-- \/.col-12 -->\n    <div class=\"col-12\">\n        <div class=\"form-one__control\">\n            <span class=\"wpcf7-form-control-wrap\" data-name=\"tel-631\"><input size=\"40\" maxlength=\"400\" class=\"wpcf7-form-control wpcf7-tel wpcf7-validates-as-required wpcf7-text wpcf7-validates-as-tel form-one__control__input\" id=\"phoneno\" aria-required=\"true\" aria-invalid=\"false\" placeholder=\"num\u00e9ro de t\u00e9l\u00e9phone\" value=\"\" type=\"tel\" name=\"tel-631\" \/><\/span>\n        <\/div><!-- \/.form-one__control -->\n    <\/div><!-- \/.col-12 -->\n\n    <div class=\"col-12\">\n        <div class=\"form-one__control\">\n            <span class=\"wpcf7-form-control-wrap\" data-name=\"textarea-316\"><textarea cols=\"40\" rows=\"10\" maxlength=\"2000\" class=\"wpcf7-form-control wpcf7-textarea wpcf7-validates-as-required form-one__control__input form-one__control__message\" id=\"message\" aria-required=\"true\" aria-invalid=\"false\" name=\"textarea-316\">\u00c9crivez un message ...<\/textarea><\/span>\n        <\/div><!-- \/.form-one__control -->\n    <\/div><!-- \/.col-12 -->\n    <div class=\"col-12\">\n        <div class=\"form-one__control\">\n        <div class=\"creneau-title\" style=\"padding-left:20px\">R\u00e9pondre au quizz :<\/div>\n            <span class=\"wpcf7-form-control-wrap\" data-name=\"math-quiz\"><label><span class=\"wpcf7-quiz-label\">11+4=?<\/span> <input size=\"40\" class=\"wpcf7-form-control wpcf7-quiz\" autocomplete=\"off\" aria-required=\"true\" aria-invalid=\"false\" type=\"text\" name=\"math-quiz\" \/><\/label><input type=\"hidden\" name=\"_wpcf7_quiz_answer_math-quiz\" value=\"22c247ece352fd616fc575a0721bccc8\" \/><\/span>\n        <\/div><!-- \/.form-one__control -->\n    <\/div><!-- \/.col-12 -->\n    <div class=\"col-12\">\n        <div class=\"contact-one__btn-box form-one__control\">\n\n            <button type=\"submit\" class=\"cleenhearts-btn cleenhearts-btn--border-base\">\n                <span class=\"cleenhearts-btn__icon-box\">\n                    <span class=\"cleenhearts-btn__icon-box__inner\"><span class=\"icon-duble-arrow\"><\/span><\/span>\n                <\/span>\n                <span class=\"cleenhearts-btn__text\">envoyer le message<\/span>\n            <\/button>\n        <\/div><!-- \/.form-one__control -->\n    <\/div><!-- \/.col-12 -->\n<\/div><!-- \/.row --><p style=\"display: none !important;\" class=\"akismet-fields-container\" data-prefix=\"_wpcf7_ak_\"><label>&#916;<textarea name=\"_wpcf7_ak_hp_textarea\" cols=\"45\" rows=\"8\" maxlength=\"100\"><\/textarea><\/label><input type=\"hidden\" id=\"ak_js_1\" name=\"_wpcf7_ak_js\" value=\"91\"\/><script>document.getElementById( \"ak_js_1\" ).setAttribute( \"value\", ( new Date() ).getTime() );<\/script><\/p><div class=\"wpcf7-response-output\" aria-hidden=\"true\"><\/div>\n<\/form>\n<\/div>\t\t\t\t\t\t<\/div><!-- \/.contact-one__form__inner -->\r\n\t\t\t\t\t<\/div><!-- \/.contact-one__form -->\r\n\t\t\t\t<\/div><!-- \/.col-lg-6 -->\r\n\t\t\t<\/div><!-- \/.row -->\r\n\t\t<\/div><!-- \/.container -->\r\n\t<\/section><!-- \/.contact-one -->\r\n\r\n\t\t\t\t<\/div>\n\t\t\t\t<\/div>\n\t\t\t\t<\/div>\n\t\t\t\t<\/div>\n\t\t","protected":false},"excerpt":{"rendered":"<p>Contactez-nous Localisation TAHITI 98701 Arue, \u00celes du Vent, Polyn\u00e9sie fran\u00e7aise T\u00e9l\u00e9phone +689 40 42 23 54 support email sagatahiti@gmail.com laissez-nous un message \u00c9crivez un message &#8230; R\u00e9pondre au quizz : 11+4=? envoyer le message<\/p>\n","protected":false},"author":1,"featured_media":0,"parent":0,"menu_order":0,"comment_status":"closed","ping_status":"closed","template":"elementor_header_footer","meta":{"give_campaign_id":0,"footnotes":""},"class_list":["post-405","page","type-page","status-publish","hentry"],"yoast_head":"<!-- This site is optimized with the Yoast SEO plugin v26.8 - https:\/\/yoast.com\/product\/yoast-seo-wordpress\/ -->\n<title>Contact - Saga Tahiti<\/title>\n<meta name=\"robots\" content=\"index, follow, max-snippet:-1, max-image-preview:large, max-video-preview:-1\" \/>\n<link rel=\"canonical\" href=\"https:\/\/www.dtp.dev.saga-tahiti.com\/index.php\/contact\/\" \/>\n<meta property=\"og:locale\" content=\"fr_FR\" \/>\n<meta property=\"og:type\" content=\"article\" \/>\n<meta property=\"og:title\" content=\"Contact - Saga Tahiti\" \/>\n<meta property=\"og:description\" content=\"Contactez-nous Localisation TAHITI 98701 Arue, \u00celes du Vent, Polyn\u00e9sie fran\u00e7aise T\u00e9l\u00e9phone +689 40 42 23 54 support email sagatahiti@gmail.com laissez-nous un message \u00c9crivez un message &#8230; R\u00e9pondre au quizz : 11+4=? envoyer le message\" \/>\n<meta property=\"og:url\" content=\"https:\/\/www.dtp.dev.saga-tahiti.com\/index.php\/contact\/\" \/>\n<meta property=\"og:site_name\" content=\"Saga Tahiti\" \/>\n<meta property=\"article:modified_time\" content=\"2024-10-07T11:44:51+00:00\" \/>\n<meta name=\"twitter:card\" content=\"summary_large_image\" \/>\n<meta name=\"twitter:label1\" content=\"Dur\u00e9e de lecture estim\u00e9e\" \/>\n\t<meta name=\"twitter:data1\" content=\"1 minute\" \/>\n<script type=\"application\/ld+json\" class=\"yoast-schema-graph\">{\"@context\":\"https:\/\/schema.org\",\"@graph\":[{\"@type\":\"WebPage\",\"@id\":\"https:\/\/www.dtp.dev.saga-tahiti.com\/index.php\/contact\/\",\"url\":\"https:\/\/www.dtp.dev.saga-tahiti.com\/index.php\/contact\/\",\"name\":\"Contact - Saga Tahiti\",\"isPartOf\":{\"@id\":\"https:\/\/www.dtp.dev.saga-tahiti.com\/#website\"},\"datePublished\":\"2023-11-15T07:19:51+00:00\",\"dateModified\":\"2024-10-07T11:44:51+00:00\",\"breadcrumb\":{\"@id\":\"https:\/\/www.dtp.dev.saga-tahiti.com\/index.php\/contact\/#breadcrumb\"},\"inLanguage\":\"fr-FR\",\"potentialAction\":[{\"@type\":\"ReadAction\",\"target\":[\"https:\/\/www.dtp.dev.saga-tahiti.com\/index.php\/contact\/\"]}]},{\"@type\":\"BreadcrumbList\",\"@id\":\"https:\/\/www.dtp.dev.saga-tahiti.com\/index.php\/contact\/#breadcrumb\",\"itemListElement\":[{\"@type\":\"ListItem\",\"position\":1,\"name\":\"Accueil\",\"item\":\"https:\/\/www.dtp.dev.saga-tahiti.com\/\"},{\"@type\":\"ListItem\",\"position\":2,\"name\":\"Contact\"}]},{\"@type\":\"WebSite\",\"@id\":\"https:\/\/www.dtp.dev.saga-tahiti.com\/#website\",\"url\":\"https:\/\/www.dtp.dev.saga-tahiti.com\/\",\"name\":\"Saga Tahiti\",\"description\":\"Aidez-nous \u00e0 poursuivre cette cause\",\"publisher\":{\"@id\":\"https:\/\/www.dtp.dev.saga-tahiti.com\/#organization\"},\"potentialAction\":[{\"@type\":\"SearchAction\",\"target\":{\"@type\":\"EntryPoint\",\"urlTemplate\":\"https:\/\/www.dtp.dev.saga-tahiti.com\/?s={search_term_string}\"},\"query-input\":{\"@type\":\"PropertyValueSpecification\",\"valueRequired\":true,\"valueName\":\"search_term_string\"}}],\"inLanguage\":\"fr-FR\"},{\"@type\":\"Organization\",\"@id\":\"https:\/\/www.dtp.dev.saga-tahiti.com\/#organization\",\"name\":\"Saga Tahiti\",\"url\":\"https:\/\/www.dtp.dev.saga-tahiti.com\/\",\"logo\":{\"@type\":\"ImageObject\",\"inLanguage\":\"fr-FR\",\"@id\":\"https:\/\/www.dtp.dev.saga-tahiti.com\/#\/schema\/logo\/image\/\",\"url\":\"https:\/\/www.dtp.dev.saga-tahiti.com\/wp-content\/uploads\/2024\/10\/cropped-cropped-logo250x250-1-1.png\",\"contentUrl\":\"https:\/\/www.dtp.dev.saga-tahiti.com\/wp-content\/uploads\/2024\/10\/cropped-cropped-logo250x250-1-1.png\",\"width\":250,\"height\":250,\"caption\":\"Saga Tahiti\"},\"image\":{\"@id\":\"https:\/\/www.dtp.dev.saga-tahiti.com\/#\/schema\/logo\/image\/\"}}]}<\/script>\n<!-- \/ Yoast SEO plugin. -->","yoast_head_json":{"title":"Contact - Saga Tahiti","robots":{"index":"index","follow":"follow","max-snippet":"max-snippet:-1","max-image-preview":"max-image-preview:large","max-video-preview":"max-video-preview:-1"},"canonical":"https:\/\/www.dtp.dev.saga-tahiti.com\/index.php\/contact\/","og_locale":"fr_FR","og_type":"article","og_title":"Contact - Saga Tahiti","og_description":"Contactez-nous Localisation TAHITI 98701 Arue, \u00celes du Vent, Polyn\u00e9sie fran\u00e7aise T\u00e9l\u00e9phone +689 40 42 23 54 support email sagatahiti@gmail.com laissez-nous un message \u00c9crivez un message &#8230; R\u00e9pondre au quizz : 11+4=? envoyer le message","og_url":"https:\/\/www.dtp.dev.saga-tahiti.com\/index.php\/contact\/","og_site_name":"Saga Tahiti","article_modified_time":"2024-10-07T11:44:51+00:00","twitter_card":"summary_large_image","twitter_misc":{"Dur\u00e9e de lecture estim\u00e9e":"1 minute"},"schema":{"@context":"https:\/\/schema.org","@graph":[{"@type":"WebPage","@id":"https:\/\/www.dtp.dev.saga-tahiti.com\/index.php\/contact\/","url":"https:\/\/www.dtp.dev.saga-tahiti.com\/index.php\/contact\/","name":"Contact - Saga Tahiti","isPartOf":{"@id":"https:\/\/www.dtp.dev.saga-tahiti.com\/#website"},"datePublished":"2023-11-15T07:19:51+00:00","dateModified":"2024-10-07T11:44:51+00:00","breadcrumb":{"@id":"https:\/\/www.dtp.dev.saga-tahiti.com\/index.php\/contact\/#breadcrumb"},"inLanguage":"fr-FR","potentialAction":[{"@type":"ReadAction","target":["https:\/\/www.dtp.dev.saga-tahiti.com\/index.php\/contact\/"]}]},{"@type":"BreadcrumbList","@id":"https:\/\/www.dtp.dev.saga-tahiti.com\/index.php\/contact\/#breadcrumb","itemListElement":[{"@type":"ListItem","position":1,"name":"Accueil","item":"https:\/\/www.dtp.dev.saga-tahiti.com\/"},{"@type":"ListItem","position":2,"name":"Contact"}]},{"@type":"WebSite","@id":"https:\/\/www.dtp.dev.saga-tahiti.com\/#website","url":"https:\/\/www.dtp.dev.saga-tahiti.com\/","name":"Saga Tahiti","description":"Aidez-nous \u00e0 poursuivre cette cause","publisher":{"@id":"https:\/\/www.dtp.dev.saga-tahiti.com\/#organization"},"potentialAction":[{"@type":"SearchAction","target":{"@type":"EntryPoint","urlTemplate":"https:\/\/www.dtp.dev.saga-tahiti.com\/?s={search_term_string}"},"query-input":{"@type":"PropertyValueSpecification","valueRequired":true,"valueName":"search_term_string"}}],"inLanguage":"fr-FR"},{"@type":"Organization","@id":"https:\/\/www.dtp.dev.saga-tahiti.com\/#organization","name":"Saga Tahiti","url":"https:\/\/www.dtp.dev.saga-tahiti.com\/","logo":{"@type":"ImageObject","inLanguage":"fr-FR","@id":"https:\/\/www.dtp.dev.saga-tahiti.com\/#\/schema\/logo\/image\/","url":"https:\/\/www.dtp.dev.saga-tahiti.com\/wp-content\/uploads\/2024\/10\/cropped-cropped-logo250x250-1-1.png","contentUrl":"https:\/\/www.dtp.dev.saga-tahiti.com\/wp-content\/uploads\/2024\/10\/cropped-cropped-logo250x250-1-1.png","width":250,"height":250,"caption":"Saga Tahiti"},"image":{"@id":"https:\/\/www.dtp.dev.saga-tahiti.com\/#\/schema\/logo\/image\/"}}]}},"campaignId":"","_links":{"self":[{"href":"https:\/\/www.dtp.dev.saga-tahiti.com\/index.php\/wp-json\/wp\/v2\/pages\/405","targetHints":{"allow":["GET"]}}],"collection":[{"href":"https:\/\/www.dtp.dev.saga-tahiti.com\/index.php\/wp-json\/wp\/v2\/pages"}],"about":[{"href":"https:\/\/www.dtp.dev.saga-tahiti.com\/index.php\/wp-json\/wp\/v2\/types\/page"}],"author":[{"embeddable":true,"href":"https:\/\/www.dtp.dev.saga-tahiti.com\/index.php\/wp-json\/wp\/v2\/users\/1"}],"replies":[{"embeddable":true,"href":"https:\/\/www.dtp.dev.saga-tahiti.com\/index.php\/wp-json\/wp\/v2\/comments?post=405"}],"version-history":[{"count":26,"href":"https:\/\/www.dtp.dev.saga-tahiti.com\/index.php\/wp-json\/wp\/v2\/pages\/405\/revisions"}],"predecessor-version":[{"id":9482,"href":"https:\/\/www.dtp.dev.saga-tahiti.com\/index.php\/wp-json\/wp\/v2\/pages\/405\/revisions\/9482"}],"wp:attachment":[{"href":"https:\/\/www.dtp.dev.saga-tahiti.com\/index.php\/wp-json\/wp\/v2\/media?parent=405"}],"curies":[{"name":"wp","href":"https:\/\/api.w.org\/{rel}","templated":true}]}}