{"id":3,"date":"2024-04-24T00:16:30","date_gmt":"2024-04-23T22:16:30","guid":{"rendered":"http:\/\/www.saga-tahiti.com\/?page_id=3"},"modified":"2024-05-17T09:46:20","modified_gmt":"2024-05-17T07:46:20","slug":"politique-de-confidentialite","status":"publish","type":"page","link":"https:\/\/www.dtp.dev.saga-tahiti.com\/index.php\/politique-de-confidentialite\/","title":{"rendered":"Politique de confidentialit\u00e9"},"content":{"rendered":"\t\t<div data-elementor-type=\"wp-page\" data-elementor-id=\"3\" class=\"elementor elementor-3\">\n\t\t\t\t<div class=\"elementor-element elementor-element-7e44d44 e-flex e-con-boxed e-con e-parent\" data-id=\"7e44d44\" data-element_type=\"container\">\n\t\t\t\t\t<div class=\"e-con-inner\">\n\t\t\t\t<div class=\"elementor-element elementor-element-d97fca7 elementor-widget elementor-widget-spacer\" data-id=\"d97fca7\" data-element_type=\"widget\" data-widget_type=\"spacer.default\">\n\t\t\t\t<div class=\"elementor-widget-container\">\n\t\t\t\t\t\t\t<div class=\"elementor-spacer\">\n\t\t\t<div class=\"elementor-spacer-inner\"><\/div>\n\t\t<\/div>\n\t\t\t\t\t\t<\/div>\n\t\t\t\t<\/div>\n\t\t\t\t\t<\/div>\n\t\t\t\t<\/div>\n\t\t<div class=\"elementor-element elementor-element-6eea9255 e-flex e-con-boxed e-con e-parent\" data-id=\"6eea9255\" data-element_type=\"container\">\n\t\t\t\t\t<div class=\"e-con-inner\">\n\t\t\t\t<div class=\"elementor-element elementor-element-3a914029 elementor-widget elementor-widget-text-editor\" data-id=\"3a914029\" data-element_type=\"widget\" data-widget_type=\"text-editor.default\">\n\t\t\t\t<div class=\"elementor-widget-container\">\n\t\t\t\t\t\t\t\t\t\n<h3 class=\"title-section-step text-black text-start wp-block-heading\">DROIT DES UTILISATEURS<\/h3>\n\n<p>Conform\u00e9ment \u00e0 la r\u00e9glementation et \u00e0 la loi informatique et libert\u00e9s du 6 janvier 1978 et du R\u00e8glement g\u00e9n\u00e9ral de la protection des donn\u00e9es personnelles (RGPD) en vigueur en Polyn\u00e9sie fran\u00e7aise depuis le 1er janvier 2019, la collecte et la conservation des donn\u00e9es personnelles des internautes sont trait\u00e9es par l&rsquo;\u00e9cole de voilerie .<\/p>\n<p>Chaque utilisateur a le droit d\u2019acc\u00e9der \u00e0 ses donn\u00e9es personnelles et effectuer une mise \u00e0 jour. Il peut aussi demander la rectification, l\u2019oubli, limitation du traitement et la suppression de ses donn\u00e9es en \u00e9crivant \u00e0 l\u2019adresse \u00e9lectronique de l\u2019\u00e9diteur du site.<\/p>\n<p><a href=\"mailto:evatahiti@mail.pf\"><strong>Contact : evatahiti@mail.pf<\/strong><\/a><\/p>\n\n<h3 class=\"title-section-step text-black text-start wp-block-heading\">DONN\u00c9ES PERSONNELLES ET TRAITEMENT<\/h3>\n\n<p class=\"text-black\">Les \u00ab donn\u00e9es \u00e0 caract\u00e8re personnel \u00bb est toute information se rapportant \u00e0 une personne physique identifi\u00e9e ou identifiable. Une personne physique identifiable est une personne physique qui peut \u00eatre identifi\u00e9e, directement ou indirectement, notamment par r\u00e9f\u00e9rence \u00e0 un identifiant, tel qu\u2019un nom, un num\u00e9ro d\u2019identification, des donn\u00e9es de localisation, un identifiant en ligne, ou \u00e0 un ou plusieurs \u00e9l\u00e9ments sp\u00e9cifiques propres \u00e0 son identit\u00e9 physique, physiologique, g\u00e9n\u00e9tique, psychique, \u00e9conomique, culturelle ou sociale.<\/p>\n<p class=\"text-black\">Le \u00ab traitement \u00bb est toute op\u00e9ration ou tout ensemble d\u2019op\u00e9rations effectu\u00e9es ou non \u00e0 l\u2019aide de proc\u00e9d\u00e9s automatis\u00e9s et appliqu\u00e9es \u00e0 des donn\u00e9es ou des ensembles de donn\u00e9es \u00e0 caract\u00e8re personnel, telles que la collecte, l\u2019enregistrement, l\u2019organisation, la structuration, la conservation, l\u2019adaptation ou la modification, l\u2019extraction, la consultation, l\u2019utilisation, la communication par transmission, la diffusion ou tout autre forme de mise \u00e0 disposition, le rapprochement ou l\u2019interconnexion, la limitation, l\u2019effacement ou la destruction.<\/p>\n<p class=\"text-black\">Les donn\u00e9es personnelles des internautes sont conserv\u00e9es pendant toute la dur\u00e9e de la relation d\u2019affaires. La dur\u00e9e est limit\u00e9e \u00e0 cinq (5) ans apr\u00e8s la fin de la relation commerciale entre l\u2019usager et SAGA TAHITI.<\/p>\n<p class=\"text-black\">Nous gardons aussi certaines donn\u00e9es personnelles conform\u00e9ment aux obligations l\u00e9gales et r\u00e9glementaires en vigueur.<\/p>\n\n<h3 class=\"title-section-step text-black text-start wp-block-heading\">COOKIES ET BALISE INTERNET<\/h3>\n\n<p class=\"text-black\">Les cookies de ce site sont utilis\u00e9s \u00e0 des fins statistiques, ne comportent pas d\u2019information \u00e0 caract\u00e8re priv\u00e9 et ne permettent pas d\u2019identifier l\u2019utilisateur. La dur\u00e9e maximale des cookies est de treize (13) mois.<\/p>\n\t\t\t\t\t\t\t\t<\/div>\n\t\t\t\t<\/div>\n\t\t\t\t\t<\/div>\n\t\t\t\t<\/div>\n\t\t\t\t<\/div>\n\t\t","protected":false},"excerpt":{"rendered":"<p>DROIT DES UTILISATEURS Conform\u00e9ment \u00e0 la r\u00e9glementation et \u00e0 la loi informatique et libert\u00e9s du 6 janvier 1978 et du R\u00e8glement g\u00e9n\u00e9ral de la protection des donn\u00e9es personnelles (RGPD) en vigueur en Polyn\u00e9sie fran\u00e7aise depuis le 1er janvier 2019, la collecte et la conservation des donn\u00e9es personnelles des internautes sont trait\u00e9es par l&rsquo;\u00e9cole de voilerie [&hellip;]<\/p>\n","protected":false},"author":1,"featured_media":0,"parent":0,"menu_order":0,"comment_status":"closed","ping_status":"open","template":"elementor_header_footer","meta":{"give_campaign_id":0,"footnotes":""},"class_list":["post-3","page","type-page","status-publish","hentry"],"yoast_head":"<!-- This site is optimized with the Yoast SEO plugin v26.8 - https:\/\/yoast.com\/product\/yoast-seo-wordpress\/ -->\n<title>Politique de confidentialit\u00e9 - Saga Tahiti<\/title>\n<meta name=\"robots\" content=\"index, follow, max-snippet:-1, max-image-preview:large, max-video-preview:-1\" \/>\n<link rel=\"canonical\" href=\"https:\/\/www.dtp.dev.saga-tahiti.com\/index.php\/politique-de-confidentialite\/\" \/>\n<meta property=\"og:locale\" content=\"fr_FR\" \/>\n<meta property=\"og:type\" content=\"article\" \/>\n<meta property=\"og:title\" content=\"Politique de confidentialit\u00e9 - Saga Tahiti\" \/>\n<meta property=\"og:description\" content=\"DROIT DES UTILISATEURS Conform\u00e9ment \u00e0 la r\u00e9glementation et \u00e0 la loi informatique et libert\u00e9s du 6 janvier 1978 et du R\u00e8glement g\u00e9n\u00e9ral de la protection des donn\u00e9es personnelles (RGPD) en vigueur en Polyn\u00e9sie fran\u00e7aise depuis le 1er janvier 2019, la collecte et la conservation des donn\u00e9es personnelles des internautes sont trait\u00e9es par l&rsquo;\u00e9cole de voilerie [&hellip;]\" \/>\n<meta property=\"og:url\" content=\"https:\/\/www.dtp.dev.saga-tahiti.com\/index.php\/politique-de-confidentialite\/\" \/>\n<meta property=\"og:site_name\" content=\"Saga Tahiti\" \/>\n<meta property=\"article:modified_time\" content=\"2024-05-17T07:46:20+00:00\" \/>\n<meta name=\"twitter:card\" content=\"summary_large_image\" \/>\n<meta name=\"twitter:label1\" content=\"Dur\u00e9e de lecture estim\u00e9e\" \/>\n\t<meta name=\"twitter:data1\" content=\"2 minutes\" \/>\n<script type=\"application\/ld+json\" class=\"yoast-schema-graph\">{\"@context\":\"https:\/\/schema.org\",\"@graph\":[{\"@type\":\"WebPage\",\"@id\":\"https:\/\/www.dtp.dev.saga-tahiti.com\/index.php\/politique-de-confidentialite\/\",\"url\":\"https:\/\/www.dtp.dev.saga-tahiti.com\/index.php\/politique-de-confidentialite\/\",\"name\":\"Politique de confidentialit\u00e9 - Saga Tahiti\",\"isPartOf\":{\"@id\":\"https:\/\/www.dtp.dev.saga-tahiti.com\/#website\"},\"datePublished\":\"2024-04-23T22:16:30+00:00\",\"dateModified\":\"2024-05-17T07:46:20+00:00\",\"breadcrumb\":{\"@id\":\"https:\/\/www.dtp.dev.saga-tahiti.com\/index.php\/politique-de-confidentialite\/#breadcrumb\"},\"inLanguage\":\"fr-FR\",\"potentialAction\":[{\"@type\":\"ReadAction\",\"target\":[\"https:\/\/www.dtp.dev.saga-tahiti.com\/index.php\/politique-de-confidentialite\/\"]}]},{\"@type\":\"BreadcrumbList\",\"@id\":\"https:\/\/www.dtp.dev.saga-tahiti.com\/index.php\/politique-de-confidentialite\/#breadcrumb\",\"itemListElement\":[{\"@type\":\"ListItem\",\"position\":1,\"name\":\"Accueil\",\"item\":\"https:\/\/www.dtp.dev.saga-tahiti.com\/\"},{\"@type\":\"ListItem\",\"position\":2,\"name\":\"Politique de confidentialit\u00e9\"}]},{\"@type\":\"WebSite\",\"@id\":\"https:\/\/www.dtp.dev.saga-tahiti.com\/#website\",\"url\":\"https:\/\/www.dtp.dev.saga-tahiti.com\/\",\"name\":\"Saga Tahiti\",\"description\":\"Aidez-nous \u00e0 poursuivre cette cause\",\"publisher\":{\"@id\":\"https:\/\/www.dtp.dev.saga-tahiti.com\/#organization\"},\"potentialAction\":[{\"@type\":\"SearchAction\",\"target\":{\"@type\":\"EntryPoint\",\"urlTemplate\":\"https:\/\/www.dtp.dev.saga-tahiti.com\/?s={search_term_string}\"},\"query-input\":{\"@type\":\"PropertyValueSpecification\",\"valueRequired\":true,\"valueName\":\"search_term_string\"}}],\"inLanguage\":\"fr-FR\"},{\"@type\":\"Organization\",\"@id\":\"https:\/\/www.dtp.dev.saga-tahiti.com\/#organization\",\"name\":\"Saga Tahiti\",\"url\":\"https:\/\/www.dtp.dev.saga-tahiti.com\/\",\"logo\":{\"@type\":\"ImageObject\",\"inLanguage\":\"fr-FR\",\"@id\":\"https:\/\/www.dtp.dev.saga-tahiti.com\/#\/schema\/logo\/image\/\",\"url\":\"https:\/\/www.dtp.dev.saga-tahiti.com\/wp-content\/uploads\/2024\/10\/cropped-cropped-logo250x250-1-1.png\",\"contentUrl\":\"https:\/\/www.dtp.dev.saga-tahiti.com\/wp-content\/uploads\/2024\/10\/cropped-cropped-logo250x250-1-1.png\",\"width\":250,\"height\":250,\"caption\":\"Saga Tahiti\"},\"image\":{\"@id\":\"https:\/\/www.dtp.dev.saga-tahiti.com\/#\/schema\/logo\/image\/\"}}]}<\/script>\n<!-- \/ Yoast SEO plugin. -->","yoast_head_json":{"title":"Politique de confidentialit\u00e9 - Saga Tahiti","robots":{"index":"index","follow":"follow","max-snippet":"max-snippet:-1","max-image-preview":"max-image-preview:large","max-video-preview":"max-video-preview:-1"},"canonical":"https:\/\/www.dtp.dev.saga-tahiti.com\/index.php\/politique-de-confidentialite\/","og_locale":"fr_FR","og_type":"article","og_title":"Politique de confidentialit\u00e9 - Saga Tahiti","og_description":"DROIT DES UTILISATEURS Conform\u00e9ment \u00e0 la r\u00e9glementation et \u00e0 la loi informatique et libert\u00e9s du 6 janvier 1978 et du R\u00e8glement g\u00e9n\u00e9ral de la protection des donn\u00e9es personnelles (RGPD) en vigueur en Polyn\u00e9sie fran\u00e7aise depuis le 1er janvier 2019, la collecte et la conservation des donn\u00e9es personnelles des internautes sont trait\u00e9es par l&rsquo;\u00e9cole de voilerie [&hellip;]","og_url":"https:\/\/www.dtp.dev.saga-tahiti.com\/index.php\/politique-de-confidentialite\/","og_site_name":"Saga Tahiti","article_modified_time":"2024-05-17T07:46:20+00:00","twitter_card":"summary_large_image","twitter_misc":{"Dur\u00e9e de lecture estim\u00e9e":"2 minutes"},"schema":{"@context":"https:\/\/schema.org","@graph":[{"@type":"WebPage","@id":"https:\/\/www.dtp.dev.saga-tahiti.com\/index.php\/politique-de-confidentialite\/","url":"https:\/\/www.dtp.dev.saga-tahiti.com\/index.php\/politique-de-confidentialite\/","name":"Politique de confidentialit\u00e9 - Saga Tahiti","isPartOf":{"@id":"https:\/\/www.dtp.dev.saga-tahiti.com\/#website"},"datePublished":"2024-04-23T22:16:30+00:00","dateModified":"2024-05-17T07:46:20+00:00","breadcrumb":{"@id":"https:\/\/www.dtp.dev.saga-tahiti.com\/index.php\/politique-de-confidentialite\/#breadcrumb"},"inLanguage":"fr-FR","potentialAction":[{"@type":"ReadAction","target":["https:\/\/www.dtp.dev.saga-tahiti.com\/index.php\/politique-de-confidentialite\/"]}]},{"@type":"BreadcrumbList","@id":"https:\/\/www.dtp.dev.saga-tahiti.com\/index.php\/politique-de-confidentialite\/#breadcrumb","itemListElement":[{"@type":"ListItem","position":1,"name":"Accueil","item":"https:\/\/www.dtp.dev.saga-tahiti.com\/"},{"@type":"ListItem","position":2,"name":"Politique de confidentialit\u00e9"}]},{"@type":"WebSite","@id":"https:\/\/www.dtp.dev.saga-tahiti.com\/#website","url":"https:\/\/www.dtp.dev.saga-tahiti.com\/","name":"Saga Tahiti","description":"Aidez-nous \u00e0 poursuivre cette cause","publisher":{"@id":"https:\/\/www.dtp.dev.saga-tahiti.com\/#organization"},"potentialAction":[{"@type":"SearchAction","target":{"@type":"EntryPoint","urlTemplate":"https:\/\/www.dtp.dev.saga-tahiti.com\/?s={search_term_string}"},"query-input":{"@type":"PropertyValueSpecification","valueRequired":true,"valueName":"search_term_string"}}],"inLanguage":"fr-FR"},{"@type":"Organization","@id":"https:\/\/www.dtp.dev.saga-tahiti.com\/#organization","name":"Saga Tahiti","url":"https:\/\/www.dtp.dev.saga-tahiti.com\/","logo":{"@type":"ImageObject","inLanguage":"fr-FR","@id":"https:\/\/www.dtp.dev.saga-tahiti.com\/#\/schema\/logo\/image\/","url":"https:\/\/www.dtp.dev.saga-tahiti.com\/wp-content\/uploads\/2024\/10\/cropped-cropped-logo250x250-1-1.png","contentUrl":"https:\/\/www.dtp.dev.saga-tahiti.com\/wp-content\/uploads\/2024\/10\/cropped-cropped-logo250x250-1-1.png","width":250,"height":250,"caption":"Saga Tahiti"},"image":{"@id":"https:\/\/www.dtp.dev.saga-tahiti.com\/#\/schema\/logo\/image\/"}}]}},"campaignId":"","_links":{"self":[{"href":"https:\/\/www.dtp.dev.saga-tahiti.com\/index.php\/wp-json\/wp\/v2\/pages\/3","targetHints":{"allow":["GET"]}}],"collection":[{"href":"https:\/\/www.dtp.dev.saga-tahiti.com\/index.php\/wp-json\/wp\/v2\/pages"}],"about":[{"href":"https:\/\/www.dtp.dev.saga-tahiti.com\/index.php\/wp-json\/wp\/v2\/types\/page"}],"author":[{"embeddable":true,"href":"https:\/\/www.dtp.dev.saga-tahiti.com\/index.php\/wp-json\/wp\/v2\/users\/1"}],"replies":[{"embeddable":true,"href":"https:\/\/www.dtp.dev.saga-tahiti.com\/index.php\/wp-json\/wp\/v2\/comments?post=3"}],"version-history":[{"count":6,"href":"https:\/\/www.dtp.dev.saga-tahiti.com\/index.php\/wp-json\/wp\/v2\/pages\/3\/revisions"}],"predecessor-version":[{"id":8427,"href":"https:\/\/www.dtp.dev.saga-tahiti.com\/index.php\/wp-json\/wp\/v2\/pages\/3\/revisions\/8427"}],"wp:attachment":[{"href":"https:\/\/www.dtp.dev.saga-tahiti.com\/index.php\/wp-json\/wp\/v2\/media?parent=3"}],"curies":[{"name":"wp","href":"https:\/\/api.w.org\/{rel}","templated":true}]}}